{"id":4326,"date":"2023-07-16T23:17:33","date_gmt":"2023-07-16T20:17:33","guid":{"rendered":"https:\/\/reign-lab.com\/prints\/"},"modified":"2023-11-27T00:41:33","modified_gmt":"2023-11-26T22:41:33","slug":"prints","status":"publish","type":"page","link":"https:\/\/reign-lab.com\/de\/prints\/","title":{"rendered":"DRUCKEN"},"content":{"rendered":"<p><div class=\"fusion-fullwidth fullwidth-box fusion-builder-row-1 fusion-flex-container has-pattern-background has-mask-background nonhundred-percent-fullwidth non-hundred-percent-height-scrolling fusion-animated\" style=\"--awb-border-radius-top-left:0px;--awb-border-radius-top-right:0px;--awb-border-radius-bottom-right:0px;--awb-border-radius-bottom-left:0px;--awb-padding-top:100px;--awb-padding-right:0px;--awb-padding-bottom:50px;--awb-padding-left:0px;--awb-margin-top:0px;--awb-margin-bottom:0px;--awb-background-color:var(--awb-custom_color_3);--awb-flex-wrap:wrap;\" data-animationType=\"slideInUp\" data-animationDuration=\"1.0\" data-animationOffset=\"top-into-view\" ><div class=\"fusion-builder-row fusion-row fusion-flex-align-items-flex-start fusion-flex-justify-content-center fusion-flex-content-wrap\" style=\"max-width:1456px;margin-left: calc(-4% \/ 2 );margin-right: calc(-4% \/ 2 );\"><div class=\"fusion-layout-column fusion_builder_column fusion-builder-column-0 fusion_builder_column_1_1 1_1 fusion-flex-column gks_col_image_usb\" style=\"--awb-bg-size:cover;--awb-border-color:var(--awb-color6);--awb-border-top:2px;--awb-border-style:solid;--awb-width-large:100%;--awb-margin-top-large:0px;--awb-spacing-right-large:1.92%;--awb-margin-bottom-large:20px;--awb-spacing-left-large:1.92%;--awb-width-medium:100%;--awb-order-medium:0;--awb-spacing-right-medium:1.92%;--awb-spacing-left-medium:1.92%;--awb-width-small:100%;--awb-order-small:0;--awb-spacing-right-small:1.92%;--awb-spacing-left-small:1.92%;\"><div class=\"fusion-column-wrapper fusion-column-has-shadow fusion-flex-justify-content-center fusion-content-layout-row\"><div class=\"fusion-image-element \" style=\"--awb-margin-top:-36px;--awb-caption-title-font-family:var(--h2_typography-font-family);--awb-caption-title-font-weight:var(--h2_typography-font-weight);--awb-caption-title-font-style:var(--h2_typography-font-style);--awb-caption-title-size:var(--h2_typography-font-size);--awb-caption-title-transform:var(--h2_typography-text-transform);--awb-caption-title-line-height:var(--h2_typography-line-height);--awb-caption-title-letter-spacing:var(--h2_typography-letter-spacing);\"><span class=\" fusion-imageframe imageframe-none imageframe-1 hover-type-none\"><img decoding=\"async\" width=\"18\" height=\"18\" title=\"print\" src=\"https:\/\/reign-lab.com\/wp-content\/uploads\/2023\/07\/print.svg\" alt class=\"img-responsive wp-image-3613\"\/><\/span><\/div><\/div><\/div><\/div><\/div><div class=\"fusion-fullwidth fullwidth-box fusion-builder-row-2 fusion-flex-container has-pattern-background has-mask-background nonhundred-percent-fullwidth non-hundred-percent-height-scrolling\" style=\"--awb-border-radius-top-left:0px;--awb-border-radius-top-right:0px;--awb-border-radius-bottom-right:0px;--awb-border-radius-bottom-left:0px;--awb-padding-bottom:50px;--awb-background-color:var(--awb-custom_color_3);--awb-flex-wrap:wrap;\" ><div class=\"fusion-builder-row fusion-row fusion-flex-align-items-flex-start fusion-flex-justify-content-center fusion-flex-content-wrap\" style=\"max-width:1456px;margin-left: calc(-4% \/ 2 );margin-right: calc(-4% \/ 2 );\"><div class=\"fusion-layout-column fusion_builder_column fusion-builder-column-1 fusion_builder_column_3_4 3_4 fusion-flex-column fusion-animated\" style=\"--awb-bg-size:cover;--awb-width-large:75%;--awb-margin-top-large:0px;--awb-spacing-right-large:2.56%;--awb-margin-bottom-large:20px;--awb-spacing-left-large:2.56%;--awb-width-medium:75%;--awb-order-medium:0;--awb-spacing-right-medium:2.56%;--awb-spacing-left-medium:2.56%;--awb-width-small:100%;--awb-order-small:0;--awb-spacing-right-small:1.92%;--awb-spacing-left-small:1.92%;\" data-animationType=\"slideInUp\" data-animationDuration=\"1.0\" data-animationOffset=\"top-into-view\"><div class=\"fusion-column-wrapper fusion-column-has-shadow fusion-flex-justify-content-flex-start fusion-content-layout-column\"><div class=\"fusion-title title fusion-title-1 fusion-sep-none fusion-title-center fusion-title-text fusion-title-size-div\" style=\"--awb-text-color:var(--awb-color6);--awb-margin-top-small:10px;--awb-margin-right-small:0px;--awb-margin-bottom-small:10px;--awb-margin-left-small:0px;--awb-font-size:130%;\"><div class=\"fusion-title-heading title-heading-center title-heading-tag fusion-responsive-typography-calculated\" style=\"font-family:&quot;Averta_Bold&quot;;font-style:normal;font-weight:400;margin:0;font-size:1em;--fontSize:20.8;--minFontSize:20.8;line-height:var(--awb-typography4-line-height);\">Color Management<\/div><\/div><div class=\"fusion-text fusion-text-1\"><p style=\"text-align: center;\">C-Print ist eine Farb- oder Monochrom-Fotodrucktechnik, die haupts\u00e4chlich in der Kunst und Fotografie eingesetzt wird. Farbmanagement und der ICC-Standard beziehen sich auf eine Reihe von Techniken und Prozessen, die verwendet werden, um eine konsistente und genaue Wiedergabe von Farben von einem Ger\u00e4t (z. B. einem Drucker, Monitor, Scanner) auf einem anderen Ger\u00e4t sicherzustellen. Das Ziel des Farbmanagements besteht darin, sicherzustellen, dass Farben auf verschiedenen Ger\u00e4ten und Medien einheitlich und korrekt dargestellt werden.<\/p>\n<\/div><\/div><\/div><\/div><\/div><div class=\"fusion-fullwidth fullwidth-box fusion-builder-row-3 fusion-flex-container has-pattern-background has-mask-background nonhundred-percent-fullwidth non-hundred-percent-height-scrolling\" style=\"--awb-border-radius-top-left:0px;--awb-border-radius-top-right:0px;--awb-border-radius-bottom-right:0px;--awb-border-radius-bottom-left:0px;--awb-padding-right:0px;--awb-padding-left:0px;--awb-margin-top:80px;--awb-flex-wrap:wrap;\" ><div class=\"fusion-builder-row fusion-row fusion-flex-align-items-center fusion-flex-content-wrap\" style=\"max-width:1456px;margin-left: calc(-4% \/ 2 );margin-right: calc(-4% \/ 2 );\"><div class=\"fusion-layout-column fusion_builder_column fusion-builder-column-2 fusion_builder_column_1_1 1_1 fusion-flex-column\" style=\"--awb-bg-size:cover;--awb-width-large:100%;--awb-margin-top-large:0px;--awb-spacing-right-large:1.92%;--awb-margin-bottom-large:20px;--awb-spacing-left-large:1.92%;--awb-width-medium:100%;--awb-order-medium:0;--awb-spacing-right-medium:1.92%;--awb-spacing-left-medium:1.92%;--awb-width-small:100%;--awb-order-small:0;--awb-spacing-right-small:1.92%;--awb-spacing-left-small:1.92%;\"><div class=\"fusion-column-wrapper fusion-column-has-shadow fusion-flex-justify-content-flex-start fusion-content-layout-column\"><div id=\"gks_line1\" style=\"  position: absolute; width: calc(100% - 100px); left: 50px; height: 300px; border: 2px solid var(--awb-color6); border-radius: 20px; z-index: 2; top: 75px; pointer-events: none; display:none;  \"><\/div><\/div><\/div><div class=\"fusion-layout-column fusion_builder_column fusion-builder-column-3 fusion_builder_column_3_5 3_5 fusion-flex-column fusion-flex-align-self-stretch gks_line1_col1\" style=\"--awb-padding-right:50px;--awb-padding-left:50px;--awb-bg-size:cover;--awb-width-large:60%;--awb-margin-top-large:0px;--awb-spacing-right-large:3.2%;--awb-margin-bottom-large:20px;--awb-spacing-left-large:3.2%;--awb-width-medium:60%;--awb-order-medium:0;--awb-spacing-right-medium:3.2%;--awb-spacing-left-medium:3.2%;--awb-width-small:100%;--awb-order-small:0;--awb-spacing-right-small:1.92%;--awb-spacing-left-small:1.92%;\"><div class=\"fusion-column-wrapper fusion-column-has-shadow fusion-flex-justify-content-space-between fusion-content-layout-column\"><div class=\"fusion-text fusion-text-2 fusion-animated gks_line_title\" style=\"--awb-content-alignment:center;--awb-font-size:4em;--awb-line-height:1;--awb-text-color:var(--awb-color6);--awb-text-font-family:&quot;AC_Fifindrel&quot;;--awb-text-font-style:normal;--awb-text-font-weight:400;\" data-animationType=\"slideInLeft\" data-animationDuration=\"1.0\" data-animationOffset=\"top-into-view\"><p><span style=\"background-color: white; display: inline-block; position: relative; z-index: 2; padding: 0px 25px; top: 24px;\">C-Print<\/span><\/p>\n<\/div><div class=\"fusion-text fusion-text-3 sm-text-align-center fusion-animated fusion-text-no-margin\" style=\"--awb-content-alignment:justify;--awb-margin-top:20px;--awb-margin-bottom:20px;--awb-text-font-family:&quot;Averta_Light&quot;;--awb-text-font-style:normal;--awb-text-font-weight:400;\" data-animationType=\"slideInLeft\" data-animationDuration=\"1.0\" data-animationOffset=\"top-into-view\" id=\"gks_line1_row1\"><p>Beim C-Print werden Fotos mit fl\u00fcssigen Chemikalien gedruckt. Mit anderen Worten: Es ist der klassische, analoge Fotodruck, der sich im Laufe der Zeit seinen Ruf als absolute Qualit\u00e4t in der Bilderfassung etabliert hat.<br \/><span style=\"color: var(--awb-text-color); font-family: var(--awb-text-font-family); font-size: var(--awb-font-size); font-style: var(--awb-text-font-style); font-weight: var(--awb-text-font-weight); letter-spacing: var(--awb-letter-spacing); text-align: var(--awb-content-alignment); text-transform: var(--awb-text-transform); background-color: var(--awb-bg-color-hover);\">C-Prints bieten hervorragende Tonalit\u00e4t, pr\u00e4zise Farben, Details und Kontrast.<\/span><\/p>\n<\/div><div style=\"height: 80px;\"><\/div><\/div><\/div><div class=\"fusion-layout-column fusion_builder_column fusion-builder-column-4 fusion_builder_column_2_5 2_5 fusion-flex-column fusion-flex-align-self-stretch gks_line1_col2\" style=\"--awb-padding-right:80px;--awb-padding-right-small:0px;--awb-bg-position:center bottom;--awb-bg-size:cover;--awb-width-large:40%;--awb-margin-top-large:0px;--awb-spacing-right-large:4.8%;--awb-margin-bottom-large:20px;--awb-spacing-left-large:4.8%;--awb-width-medium:40%;--awb-order-medium:0;--awb-spacing-right-medium:4.8%;--awb-spacing-left-medium:4.8%;--awb-width-small:100%;--awb-order-small:0;--awb-spacing-right-small:1.92%;--awb-spacing-left-small:1.92%;\"><div class=\"fusion-column-wrapper fusion-column-has-shadow fusion-flex-justify-content-center fusion-content-layout-column\"><div class=\"fusion-image-element \" style=\"--awb-aspect-ratio: 100 \/ 132;--awb-caption-title-font-family:var(--h2_typography-font-family);--awb-caption-title-font-weight:var(--h2_typography-font-weight);--awb-caption-title-font-style:var(--h2_typography-font-style);--awb-caption-title-size:var(--h2_typography-font-size);--awb-caption-title-transform:var(--h2_typography-text-transform);--awb-caption-title-line-height:var(--h2_typography-line-height);--awb-caption-title-letter-spacing:var(--h2_typography-letter-spacing);\"><span class=\" fusion-imageframe imageframe-none imageframe-2 hover-type-none has-aspect-ratio fusion-animated\" data-animationType=\"slideInRight\" data-animationDuration=\"1.0\" data-animationOffset=\"top-into-view\"><a href=\"https:\/\/reign-lab.com\/wp-content\/uploads\/2023\/07\/c-print-cover.jpg\" class=\"fusion-lightbox\" data-rel=\"iLightbox[1]\" data-title=\"c-print-cover\" title=\"c-print-cover\"><img decoding=\"async\" width=\"1920\" height=\"1280\" src=\"https:\/\/reign-lab.com\/wp-content\/uploads\/2023\/07\/c-print-cover.jpg\" class=\"img-responsive wp-image-3617 img-with-aspect-ratio\" data-parent-fit=\"cover\" data-parent-container=\".fusion-image-element\" alt srcset=\"https:\/\/reign-lab.com\/wp-content\/uploads\/2023\/07\/c-print-cover-200x133.jpg 200w, https:\/\/reign-lab.com\/wp-content\/uploads\/2023\/07\/c-print-cover-400x267.jpg 400w, https:\/\/reign-lab.com\/wp-content\/uploads\/2023\/07\/c-print-cover-600x400.jpg 600w, https:\/\/reign-lab.com\/wp-content\/uploads\/2023\/07\/c-print-cover-800x533.jpg 800w, https:\/\/reign-lab.com\/wp-content\/uploads\/2023\/07\/c-print-cover-1200x800.jpg 1200w, https:\/\/reign-lab.com\/wp-content\/uploads\/2023\/07\/c-print-cover.jpg 1920w\" sizes=\"(max-width: 640px) 100vw, 600px\" \/><\/a><\/span><\/div><\/div><\/div><\/div><\/div><div class=\"fusion-fullwidth fullwidth-box fusion-builder-row-4 fusion-flex-container has-pattern-background has-mask-background nonhundred-percent-fullwidth non-hundred-percent-height-scrolling\" style=\"--awb-border-radius-top-left:0px;--awb-border-radius-top-right:0px;--awb-border-radius-bottom-right:0px;--awb-border-radius-bottom-left:0px;--awb-padding-top:80px;--awb-padding-right:0px;--awb-padding-bottom:80px;--awb-padding-left:0px;--awb-margin-top:100px;--awb-background-color:var(--awb-custom_color_3);--awb-flex-wrap:wrap;\" ><div class=\"fusion-builder-row fusion-row fusion-flex-align-items-center fusion-flex-content-wrap\" style=\"max-width:1456px;margin-left: calc(-4% \/ 2 );margin-right: calc(-4% \/ 2 );\"><div class=\"fusion-layout-column fusion_builder_column fusion-builder-column-5 fusion_builder_column_1_1 1_1 fusion-flex-column\" style=\"--awb-bg-size:cover;--awb-width-large:100%;--awb-margin-top-large:0px;--awb-spacing-right-large:1.92%;--awb-margin-bottom-large:20px;--awb-spacing-left-large:1.92%;--awb-width-medium:100%;--awb-order-medium:0;--awb-spacing-right-medium:1.92%;--awb-spacing-left-medium:1.92%;--awb-width-small:100%;--awb-order-small:0;--awb-spacing-right-small:1.92%;--awb-spacing-left-small:1.92%;\"><div class=\"fusion-column-wrapper fusion-column-has-shadow fusion-flex-justify-content-flex-start fusion-content-layout-column\"><div id=\"gks_line2\" style=\"  position: absolute; width: calc(100% - 100px); left: 50px; height: 300px; border: 2px solid var(--awb-color6); border-radius: 20px; z-index: 2; top: 75px; pointer-events: none; display:none;  \"><\/div><\/div><\/div><div class=\"fusion-layout-column fusion_builder_column fusion-builder-column-6 fusion_builder_column_2_5 2_5 fusion-flex-column fusion-flex-align-self-stretch gks_line1_col2\" style=\"--awb-padding-left:80px;--awb-padding-left-small:0px;--awb-bg-position:center bottom;--awb-bg-size:cover;--awb-width-large:40%;--awb-margin-top-large:0px;--awb-spacing-right-large:4.8%;--awb-margin-bottom-large:20px;--awb-spacing-left-large:4.8%;--awb-width-medium:40%;--awb-order-medium:0;--awb-spacing-right-medium:4.8%;--awb-spacing-left-medium:4.8%;--awb-width-small:100%;--awb-order-small:2;--awb-spacing-right-small:1.92%;--awb-spacing-left-small:1.92%;\"><div class=\"fusion-column-wrapper fusion-column-has-shadow fusion-flex-justify-content-center fusion-content-layout-column\"><div class=\"fusion-image-element \" style=\"--awb-aspect-ratio: 100 \/ 132;--awb-caption-title-font-family:var(--h2_typography-font-family);--awb-caption-title-font-weight:var(--h2_typography-font-weight);--awb-caption-title-font-style:var(--h2_typography-font-style);--awb-caption-title-size:var(--h2_typography-font-size);--awb-caption-title-transform:var(--h2_typography-text-transform);--awb-caption-title-line-height:var(--h2_typography-line-height);--awb-caption-title-letter-spacing:var(--h2_typography-letter-spacing);\"><span class=\" fusion-imageframe imageframe-none imageframe-3 hover-type-none has-aspect-ratio fusion-animated\" data-animationType=\"slideInLeft\" data-animationDuration=\"1.0\" data-animationOffset=\"top-into-view\"><a href=\"https:\/\/reign-lab.com\/wp-content\/uploads\/2023\/07\/digital-print-cover.jpg\" class=\"fusion-lightbox\" data-rel=\"iLightbox[1]\" data-title=\"digital-print-cover\" title=\"digital-print-cover\"><img decoding=\"async\" width=\"1920\" height=\"1282\" src=\"https:\/\/reign-lab.com\/wp-content\/uploads\/2023\/07\/digital-print-cover.jpg\" class=\"img-responsive wp-image-3620 img-with-aspect-ratio\" data-parent-fit=\"cover\" data-parent-container=\".fusion-image-element\" alt srcset=\"https:\/\/reign-lab.com\/wp-content\/uploads\/2023\/07\/digital-print-cover-200x134.jpg 200w, https:\/\/reign-lab.com\/wp-content\/uploads\/2023\/07\/digital-print-cover-400x267.jpg 400w, https:\/\/reign-lab.com\/wp-content\/uploads\/2023\/07\/digital-print-cover-600x401.jpg 600w, https:\/\/reign-lab.com\/wp-content\/uploads\/2023\/07\/digital-print-cover-800x534.jpg 800w, https:\/\/reign-lab.com\/wp-content\/uploads\/2023\/07\/digital-print-cover-1200x801.jpg 1200w, https:\/\/reign-lab.com\/wp-content\/uploads\/2023\/07\/digital-print-cover.jpg 1920w\" sizes=\"(max-width: 640px) 100vw, 600px\" \/><\/a><\/span><\/div><\/div><\/div><div class=\"fusion-layout-column fusion_builder_column fusion-builder-column-7 fusion_builder_column_3_5 3_5 fusion-flex-column fusion-flex-align-self-stretch gks_line1_col1\" style=\"--awb-padding-right:50px;--awb-padding-left:50px;--awb-bg-size:cover;--awb-width-large:60%;--awb-margin-top-large:0px;--awb-spacing-right-large:3.2%;--awb-margin-bottom-large:20px;--awb-spacing-left-large:3.2%;--awb-width-medium:60%;--awb-order-medium:0;--awb-spacing-right-medium:3.2%;--awb-spacing-left-medium:3.2%;--awb-width-small:100%;--awb-order-small:0;--awb-spacing-right-small:1.92%;--awb-spacing-left-small:1.92%;\"><div class=\"fusion-column-wrapper fusion-column-has-shadow fusion-flex-justify-content-space-between fusion-content-layout-column\"><div class=\"fusion-text fusion-text-4 fusion-animated gks_line_title\" style=\"--awb-content-alignment:center;--awb-font-size:4em;--awb-line-height:1;--awb-text-color:var(--awb-color6);--awb-text-font-family:&quot;AC_Fifindrel&quot;;--awb-text-font-style:normal;--awb-text-font-weight:400;\" data-animationType=\"slideInRight\" data-animationDuration=\"1.0\" data-animationOffset=\"top-into-view\"><p><span style=\"background-color: #fcf9f9; display: inline-block; position: relative; z-index: 2; padding: 0px 25px; top: 24px;\">Digital Print<\/span><\/p>\n<\/div><div class=\"fusion-text fusion-text-5 sm-text-align-center fusion-animated fusion-text-no-margin\" style=\"--awb-content-alignment:justify;--awb-margin-top:20px;--awb-margin-bottom:20px;--awb-text-font-family:&quot;Averta_Light&quot;;--awb-text-font-style:normal;--awb-text-font-weight:400;\" data-animationType=\"slideInRight\" data-animationDuration=\"1.0\" data-animationOffset=\"top-into-view\" id=\"gks_line1_row1\"><p>Der Digitaldruck erm\u00f6glicht Personalisierung, schnelle Produktion und kleine Mengen und bietet mehr Flexibilit\u00e4t als herk\u00f6mmliche Druckmethoden. Dar\u00fcber hinaus haben sich Qualit\u00e4t und Aufl\u00f6sung des Drucks erheblich verbessert, sodass beeindruckende Produkte erstellt werden k\u00f6nnen: Visitenkarten, Firmenformulare, Ordner, Flyer, Postkarten, Einladungen, Kalender, Kataloge und vieles mehr.<br \/>\nWenn Sie solche Dienstleistungen ben\u00f6tigen, kann Ihnen Reign Lab ma\u00dfgeschneiderte Digitaldruckl\u00f6sungen in professioneller Qualit\u00e4t und zu erschwinglichen Preisen anbieten.<\/p>\n<\/div><div style=\"height: 80px;\"><\/div><\/div><\/div><\/div><\/div><\/p>\n","protected":false},"excerpt":{"rendered":"","protected":false},"author":1,"featured_media":0,"parent":0,"menu_order":0,"comment_status":"closed","ping_status":"closed","template":"100-width.php","meta":{"_acf_changed":false,"footnotes":""},"class_list":["post-4326","page","type-page","status-publish","hentry"],"acf":[],"yoast_head":"<!-- This site is optimized with the Yoast SEO plugin v27.2 - https:\/\/yoast.com\/product\/yoast-seo-wordpress\/ -->\n<title>DRUCKEN - Reign Lab<\/title>\n<meta name=\"robots\" content=\"index, follow, max-snippet:-1, max-image-preview:large, max-video-preview:-1\" \/>\n<link rel=\"canonical\" href=\"https:\/\/reign-lab.com\/de\/prints\/\" \/>\n<meta property=\"og:locale\" content=\"de_DE\" \/>\n<meta property=\"og:type\" content=\"article\" \/>\n<meta property=\"og:title\" content=\"DRUCKEN - Reign Lab\" \/>\n<meta property=\"og:url\" content=\"https:\/\/reign-lab.com\/de\/prints\/\" \/>\n<meta property=\"og:site_name\" content=\"Reign Lab\" \/>\n<meta property=\"article:publisher\" content=\"https:\/\/www.facebook.com\/reignlabfineart\/\" \/>\n<meta property=\"article:modified_time\" content=\"2023-11-26T22:41:33+00:00\" \/>\n<meta name=\"twitter:card\" content=\"summary_large_image\" \/>\n<meta name=\"twitter:label1\" content=\"Gesch\u00e4tzte Lesezeit\" \/>\n\t<meta name=\"twitter:data1\" content=\"19\u00a0Minuten\" \/>\n<script type=\"application\/ld+json\" class=\"yoast-schema-graph\">{\"@context\":\"https:\/\/schema.org\",\"@graph\":[{\"@type\":\"WebPage\",\"@id\":\"https:\/\/reign-lab.com\/de\/prints\/\",\"url\":\"https:\/\/reign-lab.com\/de\/prints\/\",\"name\":\"DRUCKEN - Reign Lab\",\"isPartOf\":{\"@id\":\"https:\/\/reign-lab.com\/de\/#website\"},\"datePublished\":\"2023-07-16T20:17:33+00:00\",\"dateModified\":\"2023-11-26T22:41:33+00:00\",\"breadcrumb\":{\"@id\":\"https:\/\/reign-lab.com\/de\/prints\/#breadcrumb\"},\"inLanguage\":\"de\",\"potentialAction\":[{\"@type\":\"ReadAction\",\"target\":[\"https:\/\/reign-lab.com\/de\/prints\/\"]}]},{\"@type\":\"BreadcrumbList\",\"@id\":\"https:\/\/reign-lab.com\/de\/prints\/#breadcrumb\",\"itemListElement\":[{\"@type\":\"ListItem\",\"position\":1,\"name\":\"Heim\",\"item\":\"https:\/\/reign-lab.com\/de\/home\/\"},{\"@type\":\"ListItem\",\"position\":2,\"name\":\"DRUCKEN\"}]},{\"@type\":\"WebSite\",\"@id\":\"https:\/\/reign-lab.com\/de\/#website\",\"url\":\"https:\/\/reign-lab.com\/de\/\",\"name\":\"Reign Lab\",\"description\":\"\u03a7\u03b5\u03b9\u03c1\u03bf\u03c0\u03bf\u03af\u03b7\u03c4\u03b1 \u03c8\u03b7\u03c6\u03b9\u03b1\u03ba\u03ac \u03ac\u03bb\u03bc\u03c0\u03bf\u03c5\u03bc\",\"publisher\":{\"@id\":\"https:\/\/reign-lab.com\/de\/#organization\"},\"potentialAction\":[{\"@type\":\"SearchAction\",\"target\":{\"@type\":\"EntryPoint\",\"urlTemplate\":\"https:\/\/reign-lab.com\/de\/?s={search_term_string}\"},\"query-input\":{\"@type\":\"PropertyValueSpecification\",\"valueRequired\":true,\"valueName\":\"search_term_string\"}}],\"inLanguage\":\"de\"},{\"@type\":\"Organization\",\"@id\":\"https:\/\/reign-lab.com\/de\/#organization\",\"name\":\"Reign Lab\",\"url\":\"https:\/\/reign-lab.com\/de\/\",\"logo\":{\"@type\":\"ImageObject\",\"inLanguage\":\"de\",\"@id\":\"https:\/\/reign-lab.com\/de\/#\/schema\/logo\/image\/\",\"url\":\"https:\/\/reign-lab.com\/wp-content\/uploads\/2023\/03\/reign-lab-logo.png\",\"contentUrl\":\"https:\/\/reign-lab.com\/wp-content\/uploads\/2023\/03\/reign-lab-logo.png\",\"width\":250,\"height\":194,\"caption\":\"Reign Lab\"},\"image\":{\"@id\":\"https:\/\/reign-lab.com\/de\/#\/schema\/logo\/image\/\"},\"sameAs\":[\"https:\/\/www.facebook.com\/reignlabfineart\/\",\"https:\/\/www.instagram.com\/reign_lab\/\"]}]}<\/script>\n<!-- \/ Yoast SEO plugin. -->","yoast_head_json":{"title":"DRUCKEN - Reign Lab","robots":{"index":"index","follow":"follow","max-snippet":"max-snippet:-1","max-image-preview":"max-image-preview:large","max-video-preview":"max-video-preview:-1"},"canonical":"https:\/\/reign-lab.com\/de\/prints\/","og_locale":"de_DE","og_type":"article","og_title":"DRUCKEN - Reign Lab","og_url":"https:\/\/reign-lab.com\/de\/prints\/","og_site_name":"Reign Lab","article_publisher":"https:\/\/www.facebook.com\/reignlabfineart\/","article_modified_time":"2023-11-26T22:41:33+00:00","twitter_card":"summary_large_image","twitter_misc":{"Gesch\u00e4tzte Lesezeit":"19\u00a0Minuten"},"schema":{"@context":"https:\/\/schema.org","@graph":[{"@type":"WebPage","@id":"https:\/\/reign-lab.com\/de\/prints\/","url":"https:\/\/reign-lab.com\/de\/prints\/","name":"DRUCKEN - Reign Lab","isPartOf":{"@id":"https:\/\/reign-lab.com\/de\/#website"},"datePublished":"2023-07-16T20:17:33+00:00","dateModified":"2023-11-26T22:41:33+00:00","breadcrumb":{"@id":"https:\/\/reign-lab.com\/de\/prints\/#breadcrumb"},"inLanguage":"de","potentialAction":[{"@type":"ReadAction","target":["https:\/\/reign-lab.com\/de\/prints\/"]}]},{"@type":"BreadcrumbList","@id":"https:\/\/reign-lab.com\/de\/prints\/#breadcrumb","itemListElement":[{"@type":"ListItem","position":1,"name":"Heim","item":"https:\/\/reign-lab.com\/de\/home\/"},{"@type":"ListItem","position":2,"name":"DRUCKEN"}]},{"@type":"WebSite","@id":"https:\/\/reign-lab.com\/de\/#website","url":"https:\/\/reign-lab.com\/de\/","name":"Reign Lab","description":"\u03a7\u03b5\u03b9\u03c1\u03bf\u03c0\u03bf\u03af\u03b7\u03c4\u03b1 \u03c8\u03b7\u03c6\u03b9\u03b1\u03ba\u03ac \u03ac\u03bb\u03bc\u03c0\u03bf\u03c5\u03bc","publisher":{"@id":"https:\/\/reign-lab.com\/de\/#organization"},"potentialAction":[{"@type":"SearchAction","target":{"@type":"EntryPoint","urlTemplate":"https:\/\/reign-lab.com\/de\/?s={search_term_string}"},"query-input":{"@type":"PropertyValueSpecification","valueRequired":true,"valueName":"search_term_string"}}],"inLanguage":"de"},{"@type":"Organization","@id":"https:\/\/reign-lab.com\/de\/#organization","name":"Reign Lab","url":"https:\/\/reign-lab.com\/de\/","logo":{"@type":"ImageObject","inLanguage":"de","@id":"https:\/\/reign-lab.com\/de\/#\/schema\/logo\/image\/","url":"https:\/\/reign-lab.com\/wp-content\/uploads\/2023\/03\/reign-lab-logo.png","contentUrl":"https:\/\/reign-lab.com\/wp-content\/uploads\/2023\/03\/reign-lab-logo.png","width":250,"height":194,"caption":"Reign Lab"},"image":{"@id":"https:\/\/reign-lab.com\/de\/#\/schema\/logo\/image\/"},"sameAs":["https:\/\/www.facebook.com\/reignlabfineart\/","https:\/\/www.instagram.com\/reign_lab\/"]}]}},"_links":{"self":[{"href":"https:\/\/reign-lab.com\/de\/wp-json\/wp\/v2\/pages\/4326","targetHints":{"allow":["GET"]}}],"collection":[{"href":"https:\/\/reign-lab.com\/de\/wp-json\/wp\/v2\/pages"}],"about":[{"href":"https:\/\/reign-lab.com\/de\/wp-json\/wp\/v2\/types\/page"}],"author":[{"embeddable":true,"href":"https:\/\/reign-lab.com\/de\/wp-json\/wp\/v2\/users\/1"}],"replies":[{"embeddable":true,"href":"https:\/\/reign-lab.com\/de\/wp-json\/wp\/v2\/comments?post=4326"}],"version-history":[{"count":6,"href":"https:\/\/reign-lab.com\/de\/wp-json\/wp\/v2\/pages\/4326\/revisions"}],"predecessor-version":[{"id":6762,"href":"https:\/\/reign-lab.com\/de\/wp-json\/wp\/v2\/pages\/4326\/revisions\/6762"}],"wp:attachment":[{"href":"https:\/\/reign-lab.com\/de\/wp-json\/wp\/v2\/media?parent=4326"}],"curies":[{"name":"wp","href":"https:\/\/api.w.org\/{rel}","templated":true}]}}