{"id":4366,"date":"2023-03-29T00:29:29","date_gmt":"2023-03-28T21:29:29","guid":{"rendered":"https:\/\/reign-lab.com\/terms-of-use\/"},"modified":"2024-09-18T17:08:05","modified_gmt":"2024-09-18T14:08:05","slug":"terms-of-use","status":"publish","type":"page","link":"https:\/\/reign-lab.com\/de\/terms-of-use\/","title":{"rendered":"Nutzungsbedingungen"},"content":{"rendered":"<div class=\"fusion-fullwidth fullwidth-box fusion-builder-row-1 fusion-flex-container nonhundred-percent-fullwidth non-hundred-percent-height-scrolling\" style=\"--awb-border-radius-top-left:0px;--awb-border-radius-top-right:0px;--awb-border-radius-bottom-right:0px;--awb-border-radius-bottom-left:0px;--awb-flex-wrap:wrap;\" ><div class=\"fusion-builder-row fusion-row fusion-flex-align-items-flex-start fusion-flex-content-wrap\" style=\"max-width:1456px;margin-left: calc(-4% \/ 2 );margin-right: calc(-4% \/ 2 );\"><div class=\"fusion-layout-column fusion_builder_column fusion-builder-column-0 fusion_builder_column_1_1 1_1 fusion-flex-column\" style=\"--awb-bg-size:cover;--awb-width-large:100%;--awb-margin-top-large:0px;--awb-spacing-right-large:1.92%;--awb-margin-bottom-large:0px;--awb-spacing-left-large:1.92%;--awb-width-medium:100%;--awb-spacing-right-medium:1.92%;--awb-spacing-left-medium:1.92%;--awb-width-small:100%;--awb-spacing-right-small:1.92%;--awb-spacing-left-small:1.92%;\"><div class=\"fusion-column-wrapper fusion-flex-justify-content-flex-start fusion-content-layout-column\"><div class=\"fusion-text fusion-text-1\"><p>reg-lab.com ist eine Online-Website f\u00fcr Foto-, Digitaldruck- und verwandte Gesch\u00e4fte, Einzelhandel und Dienstleistungen.<\/p>\n<p>Wir laden Sie ein, vor dem Besuch und der Nutzung der Website und unserer darin enthaltenen Dienste die folgenden Allgemeinen Gesch\u00e4ftsbedingungen sorgf\u00e4ltig zu lesen, die den gesamten Inhalt (gegenw\u00e4rtig und zuk\u00fcnftig) der Website f\u00fcr deren Zugriff und Nutzung abdecken und die Beziehungen zwischen Eigent\u00fcmern und Eigent\u00fcmern regeln. Labor und Besucher\/Benutzer.<\/p>\n<p>Die Nutzung der Website stellt eine unwiderlegbare Vermutung dar, dass Sie die vorliegenden Bedingungen gelesen und ihnen zugestimmt haben. Andernfalls d\u00fcrfen Sie die Website und die Dienste von rain-lab nicht nutzen\/besuchen. rain-lab kann die Nutzungsbedingungen jederzeit und ohne Vorank\u00fcndigung \u00e4ndern. Aus diesem Grund ist es erforderlich, dass sich der Nutzer vor jeder Nutzung\/Besuch der Website und der Dienste von abloom \u00fcber m\u00f6gliche \u00c4nderungen informiert, da die fortgesetzte Nutzung der Website die Annahme der ge\u00e4nderten Gesch\u00e4ftsbedingungen durch den Nutzer bedeutet.  Mit der Bestellung erkl\u00e4ren Sie auch Ihr Einverst\u00e4ndnis mit diesen Allgemeinen Gesch\u00e4ftsbedingungen.<\/p>\n<h2>Geistige und gewerbliche Eigentumsrechte<\/h2>\n<p>\u03a4Der gesamte Inhalt der Reign-Lab-Website, einschlie\u00dflich, aber nicht beschr\u00e4nkt auf Texte, Grafiken, Illustrationen, Fotos, Designs, Marken, Unterscheidungstitel, angebotene Dienstleistungen und im Allgemeinen jede Art von Dateien, ist Gegenstand geistiger und\/oder gewerblicher Natur Eigentum des Unternehmens und unterliegt den einschl\u00e4gigen griechischen (L.2121\/1993, 2239\/94 usw.), europ\u00e4ischen und internationalen Bestimmungen zum geistigen und\/oder gewerblichen Eigentum, mit Ausnahme der ausdr\u00fccklich anerkannten Rechte Dritter nat\u00fcrlicher oder juristischer Personen . Insbesondere ist das \u201ereign-lab\u201c-Logo eine in der EU eingetragene Marke der Firma \u201eDIMITRIADIS ANONYMI COMPANY OF PHOTOGRAPHIC TYPES OF STUDIES AND MANUFACTURES\u201c, die in keinem Fall eine Erlaubnis oder ein Recht zur Nutzung einr\u00e4umt. Es ist strengstens untersagt, das auf der Website rain-lab.gr enthaltene Material wiederzuverwenden sowie es in irgendeiner Form ganz oder teilweise zu kopieren, zu speichern, auszuf\u00fchren, zu laden (herunterzuladen), zu verteilen, zu \u00fcbersetzen, zu modifizieren, zu versenden oder weiterzuleiten ( gedruckt, elektronisch) ohne vorherige schriftliche Zustimmung des Unternehmens. Ausnahmsweise ist das individuelle und vor\u00fcbergehende Speichern und Kopieren von Teilen des Inhalts der Website auf einem einfachen Personalcomputer f\u00fcr den rein pers\u00f6nlichen Gebrauch, ohne die Absicht einer kommerziellen oder sonstigen Verwertung und stets unter der Bedingung der Angabe der Herkunftsquelle gestattet ( d.h. rain-lab.gr ), ohne dass dies in irgendeiner Weise die Gew\u00e4hrung von geistigen oder gewerblichen Eigentumsrechten impliziert.<\/p>\n<p>Im Falle einer gem\u00e4\u00df den oben genannten Bestimmungen zul\u00e4ssigen elektronischen Pr\u00e4sentation sollte ein Link zur Seite \u201erain-lab.com\u201c gesetzt werden. Das gesamte Material, das auf der Website \u201erain-lab.com\u201c erscheint, ist und bleibt geistiges Eigentum des Unternehmens. Die Nutzung jeglicher Teile der Website unter Verletzung geistiger Eigentumsrechte ist strengstens untersagt und unterliegt zivil- und strafrechtlichen Sanktionen, einschlie\u00dflich m\u00f6glicher Geldstrafen.<\/p>\n<h2>Links zu anderen Websites (LINKS)<\/h2>\n<p>Die Website enth\u00e4lt oder kann Links zu Websites und Werbebannern Dritter enthalten. Die Bereitstellung von Links bedeutet keine Zustimmung und Akzeptanz ihrer Inhalte und das Unternehmen \u00fcbernimmt keine Verantwortung f\u00fcr die Verf\u00fcgbarkeit, den Inhalt oder die Qualit\u00e4t dieser Websites oder f\u00fcr Sch\u00e4den, die aus der Nutzung ihrer Inhalte entstehen. Der Besuch dieser Websites erfolgt auf eigene Gefahr.<\/p>\n<h2>Cookies<\/h2>\n<p>Wie die meisten Websites im Internet werden auch auf dieser Website Cookies verwendet, um den Benutzer wiederzuerkennen und personalisierte Dienste anzubieten. Cookies sind kleine Textdateien, die auf der Festplatte jedes Besuchers\/Benutzers gespeichert werden.<\/p>\n<p>Der Besucher\/Benutzer der Website kann seinen Server so einstellen, dass er ihn entweder vor der Verwendung von Cookies warnt oder die Annahme der Verwendung von Cookies in keinem Fall zul\u00e4sst. Falls der Besucher\/Nutzer der jeweiligen Dienste und Seiten keine Cookies zu seiner Identifizierung verwenden m\u00f6chte, kann er keinen weiteren Zugriff auf diese Dienste haben. <\/p>\n<h2>Pflichten des Nutzers<\/h2>\n<p>Bei der Nutzung dieser Website m\u00fcssen Sie die Regeln und Bestimmungen des griechischen, europ\u00e4ischen und internationalen Rechts sowie die einschl\u00e4gigen Telekommunikationsgesetze einhalten und jede illegale, unfaire und\/oder missbr\u00e4uchliche Nutzung des Inhalts der Website unterlassen.<\/p>\n<p>Beispielsweise und nicht ausschlie\u00dflich: Versuche, den Inhalt und die Funktionalit\u00e4t der Website zu manipulieren, Versuche, Sch\u00e4den am Server, dem Betriebssystem und der die Website unterst\u00fctzenden Software zu verursachen, Verst\u00f6\u00dfe gegen Datenschutz- und Sicherheitscodes, Nutzung der Website und deren Inhalte f\u00fcr kommerzielle oder andere, nicht rein pers\u00f6nliche Zwecke, die \u00dcbernahme unlauterer Wettbewerbspraktiken, die Verbreitung irref\u00fchrender Behauptungen \u00fcber die Website und ihren Anbieter usw. F\u00fcr den Fall, dass materieller oder moralischer, positiver oder indirekter Schaden oder entgangener Gewinn entstanden ist unserer Website, dem Unternehmen oder Dritten durch die oben genannte schlechte oder unlautere Nutzung der Website entstehen, ist der schuldige Nutzer haftbar, das Unternehmen zu entsch\u00e4digen, ohne dass eine strafrechtliche Haftung ausgeschlossen ist.<\/p>\n<p>Dar\u00fcber hinaus geht der Nutzer durch die Nutzung der Website unwiderlegbar davon aus, dass er sich bereit erkl\u00e4rt, die im Registrierungsantrag zur Erstellung eines Kontos erforderlichen wahren, \u00fcberpr\u00fcften und vollst\u00e4ndigen Angaben zu machen und etwaige \u00c4nderungen unverz\u00fcglich mitzuteilen. \u03a3\u03c4\u03b7\u03bd \u03b1\u03bd\u03c4\u03af\u03b8\u03b5\u03c4\u03b7 \u03c0\u03b5\u03c1\u03af\u03c0\u03c4\u03c9\u03c3\u03b7 \u03c0\u03bf\u03c5 \u03bf\u03b9 \u03c0\u03bb\u03b7\u03c1\u03bf\u03c6\u03bf\u03c1\u03af\u03b5\u03c2 \u03b5\u03af\u03bd\u03b1\u03b9 \u03b1\u03bd\u03b1\u03bb\u03b7\u03b8\u03b5\u03af\u03c2, \u03b1\u03bd\u03b1\u03ba\u03c1\u03b9\u03b2\u03b5\u03af\u03c2 \u03ae \u03b5\u03bb\u03bb\u03b9\u03c0\u03b5\u03af\u03c2 \u03b7 \u0395\u03c4\u03b1\u03b9\u03c1\u03af\u03b1 \u03b4\u03cd\u03bd\u03b1\u03c4\u03b1\u03b9 \u03bd\u03b1 \u03b1\u03bd\u03b1\u03c3\u03c4\u03b5\u03af\u03bb\u03b5\u03b9 \u03ae \u03bd\u03b1 \u03bc\u03b7\u03bd \u03bf\u03bb\u03bf\u03ba\u03bb\u03b7\u03c1\u03ce\u03c3\u03b5\u03b9 \u03c4\u03b7\u03bd \u03b5\u03b3\u03b3\u03c1\u03b1\u03c6\u03ae \u03c4\u03bf\u03c5. Diese Informationen werden von der Gesellschaft als vertraulich betrachtet und nur zum Zwecke der Abwicklung Ihrer Bestellung und dazu verwendet, Sie \u00fcber Produkte oder aktuelle Angebote zu informieren, die f\u00fcr Sie von Interesse sein k\u00f6nnten. Sie erkl\u00e4ren sich ausdr\u00fccklich damit einverstanden, dass Sie die volle und alleinige Verantwortung f\u00fcr Ihre Registrierung und die Wahrung der Vertraulichkeit Ihres Passworts tragen und dass Sie uns \u00fcber jeden Versto\u00df gegen Ihr Passwort oder Ihr Konto informieren m\u00fcssen.<\/p>\n<h2>Haftungsbeschr\u00e4nkung<\/h2>\n<p>Das Unternehmen garantiert unter keinen Umst\u00e4nden den kontinuierlichen Zugriff und den fehlerfreien Betrieb der Website. Dar\u00fcber hinaus beh\u00e4lt es sich das Recht vor, seine Dienste ganz oder teilweise mit oder ohne Vorank\u00fcndigung an seine Nutzer zu \u00e4ndern oder vor\u00fcbergehend oder dauerhaft zu unterbrechen. Dar\u00fcber hinaus \u00fcbernehmen das Unternehmen, seine Mitglieder oder Partner keine Garantie und Verantwortung f\u00fcr Datenverluste, direkte, indirekte, positive oder kumulative, zuf\u00e4llige oder langfristige Sch\u00e4den oder moralische Sch\u00e4den, die durch die Nutzung der Website entstehen k\u00f6nnen der darin enthaltenen Informationen und Dienste oder aufgrund der fehlenden M\u00f6glichkeit zur Nutzung der Website.<\/p>\n<p>Es wird auch nicht garantiert, dass die Website oder eine andere damit verbundene Website oder die Server, \u00fcber die sie den Benutzern zur Verf\u00fcgung gestellt werden, keine Viren oder andere sch\u00e4dliche Komponenten enthalten. Es wird ausdr\u00fccklich vereinbart, dass jede relevante Verantwortung des Unternehmens, seiner Mitglieder oder Partner hinsichtlich der Richtigkeit und Angemessenheit der bereitgestellten Informationen und Dienste ausgeschlossen ist und dass die Nutzung der Website und ihrer Dienste ein Produkt der freien Bewertung und des Willens ist und ist erfolgt auf alleinige Verantwortung der Benutzer\/Besucher.<\/p>\n<p>reign-lab.com ubernimmt keine Verantwortung fur den Inhalt der erstellten Alben sowie die Abbildungen auf unseren Produkten (Leinwand, T-Shirt usw.). Der Benutzer\/Besucher der Website, der den Druck von digitalem Fotomaterial uber unsere Dienste bestellt, garantiert, dass er dies getan hat ein gesetzliches Recht zur Nutzung des von ihm hochgeladenen Fotos besitzt, dass dieses nicht Urheberrechte Dritter verletzt und dass er die Zustimmung der auf dem Foto abgebildeten Personen eingeholt hat. Insbesondere stimmt der Nutzer der Verwendung seiner eigenen Fotos sowie der darauf abgebildeten weiteren Personen ausdrucklich zu. Die Verantwortung fur etwaige Anspruche oder Forderungen Dritter aufgrund einer Veroffentlichung oder einer moglichen Nutzung des Bildes ohne deren Zustimmung tragt ausschlie?lich der Nutzer.<\/p>\n<p>Im Allgemeinen \u00fcbernimmt der Nutzer der Website und unserer Dienste die Verantwortung f\u00fcr alle Sch\u00e4den, die dem Unternehmen, seinen Mitgliedern oder Partnern durch die schlechte oder unfaire Nutzung der Website und ihrer Dienste entstehen. Die Qualit\u00e4t des Digitaldrucks h\u00e4ngt von der Qualit\u00e4t und Klarheit der hochgeladenen Fotos ab.<\/p>\n<p>Der Kunde\/Nutzer erkl\u00e4rt, dass die von ihm auf unsere Website hochgeladene\/hochgeladene Datei nicht durch geistige Eigentumsrechte gesch\u00fctzt ist. Zu diesem Zweck erkl\u00e4rt und garantiert der Kunde, dass er \u00fcber das Recht\/die Lizenz verf\u00fcgt, die betreffende Datei zu nutzen, zu \u00e4ndern, zu drucken, zu \u00fcbertragen, zu reproduzieren, zu ver\u00f6ffentlichen, zu verbreiten und der \u00d6ffentlichkeit vorzustellen, und dass er zuvor die schriftliche Genehmigung des Kunden eingeholt hat Inhaber der jeweiligen geistigen Eigentumsrechte und\/oder gewerblichen Schutzrechte. In jedem Fall, in dem ein Dritter gerichtlich oder allgemein Anspr\u00fcche aus Bestimmungen zum Schutz des geistigen und\/oder gewerblichen Eigentums sowie zum Schutz der Pers\u00f6nlichkeit gegen\u00fcber der Gesellschaft f\u00fcr die vom Kunden bereitgestellte Akte geltend macht, ist er ist verpflichtet, auf eigene Kosten zu intervenieren, sobald er zu Gunsten der Gesellschaft zum Verfahren geladen wird, um die Position der Gesellschaft als Hauptpartei einzunehmen, andernfalls, wenn er aus irgendeinem Grund nicht die Hauptpartei zur Zahlung wird dem Unternehmen jeglichen Betrag zu zahlen, der zugunsten Dritter f\u00fcr Kapital, Zinsen und Rechtskosten zugesprochen werden kann, und den Dritten vollst\u00e4ndig zu entsch\u00e4digen, indem das Unternehmen von jeglicher Haftung befreit wird. Das Unternehmen beh\u00e4lt sich das Recht vor, den Druck aus beliebigem Grund zu verweigern und ist dazu nicht verpflichtet um die Datei zu behalten oder zur\u00fcckzugeben<\/p>\n<h2>Privatsph\u00e4re<\/h2>\n<p>Die Verwaltung und der Schutz personenbezogener Daten unterliegen den Bestimmungen des Gesetzes 2472\/97, soweit anwendbar, und den Entscheidungen der Datenschutzbeh\u00f6rde. Bei Fragen, Anmerkungen, Kommentaren sowie der Aus\u00fcbung des Rechts auf Zugang und\/oder Widerspruch gegen die Verarbeitung der Daten k\u00f6nnen Sie sich an das Unternehmen wenden, indem Sie das Formular ausf\u00fcllen und eine Nachricht im Feld \u201eKONTAKT\u201c senden Tel. +30 2310 240120.<\/p>\n<p>Gem\u00e4\u00df den gesetzlichen Bestimmungen zum Schutz personenbezogener Daten, einschlie\u00dflich des Gesetzes 2472\/97 und der DSGVO, ist es erforderlich, dass das Unternehmen oder die Organisation, die f\u00fcr die Verarbeitung personenbezogener Daten verantwortlich ist, den Namen und die Kontaktdaten des Datenschutzbeauftragten (Datenschutzbeauftragten, DPO) klar und deutlich angibt. Der DPO ist verantwortlich f\u00fcr die Einhaltung der Datenschutzbestimmungen und dient als Ansprechpartner f\u00fcr alle Fragen im Zusammenhang mit der Verarbeitung personenbezogener Daten. <\/p>\n<h2>Zust\u00e4ndigkeit<\/h2>\n<p>F\u00fcr etwaige Streitigkeiten oder Konflikte, die sich aus oder im Zusammenhang mit diesen Bedingungen und der Nutzung der Website ergeben, sind die Gerichte von Thessaloniki zust\u00e4ndig und es gilt das griechische Recht.<\/p>\n<h2>Zahlungsarten<\/h2>\n<p>PayPal: PayPal ist ein Online-Geldtransferdienst. Es wird h\u00e4ufig f\u00fcr sichere Transaktionen \u00fcber das Internet verwendet.<\/p>\n<p>Nachnahme: F\u00fcr den Versand per ELTA erhalten Sie die entsprechende Benachrichtigung und zahlen den Gesamtpreis Ihrer Bestellung, wenn diese an Sie, den H\u00e4ndler oder die Post in Ihrer N\u00e4he geliefert wird.<\/p>\n<p>Beim Versand per Kurier erfolgt die Lieferung und Bezahlung der Bestellung zu Hause durch den H\u00e4ndler an der von Ihnen angegebenen Adresse. Aus offensichtlichen Gr\u00fcnden kann eine Gegenpr\u00fcfung erforderlich sein.<\/p>\n<p>Wir akzeptieren alle Kreditkarten, z. Visa, MasterCard,.<\/p>\n<p>F\u00fcr die Verwendung Ihrer Kreditkarte f\u00fcr Eink\u00e4ufe auf reg-lab.com fallen keine zus\u00e4tzlichen Geb\u00fchren an.<br \/> Bitte best\u00e4tigen Sie Ihre Lieferadresse und Telefonnummer [die Adresse und Telefonnummer, die wir f\u00fcr Sie gespeichert haben]. Ungenaue Angaben k\u00f6nnen zu Verz\u00f6gerungen bei der Bearbeitung Ihrer Bestellung f\u00fchren. Ihre Kreditkarte wird aktualisiert, sobald Ihre Bestellung aufgegeben wurde. Dies dient dem Schutz der Sicherheit Ihrer Kreditkartendaten, da wir Ihre Kartendaten nirgendwo speichern. F\u00fcr den Fall, dass wir Ihre Bestellung nicht ausf\u00fchren k\u00f6nnen oder einige Produkte nicht versendet werden k\u00f6nnen, erstatten wir Ihnen die Differenz auf Ihre Kreditkarte zur\u00fcck.<\/p>\n<\/div><\/div><\/div><\/div><\/div>\n","protected":false},"excerpt":{"rendered":"","protected":false},"author":1,"featured_media":0,"parent":0,"menu_order":0,"comment_status":"closed","ping_status":"closed","template":"100-width.php","meta":{"_acf_changed":false,"footnotes":""},"class_list":["post-4366","page","type-page","status-publish","hentry"],"acf":[],"yoast_head":"<!-- This site is optimized with the Yoast SEO plugin v27.2 - https:\/\/yoast.com\/product\/yoast-seo-wordpress\/ -->\n<title>Nutzungsbedingungen - Reign Lab<\/title>\n<meta name=\"robots\" content=\"index, follow, max-snippet:-1, max-image-preview:large, max-video-preview:-1\" \/>\n<link rel=\"canonical\" href=\"https:\/\/reign-lab.com\/de\/terms-of-use\/\" \/>\n<meta property=\"og:locale\" content=\"de_DE\" \/>\n<meta property=\"og:type\" content=\"article\" \/>\n<meta property=\"og:title\" content=\"Nutzungsbedingungen - Reign Lab\" \/>\n<meta property=\"og:url\" content=\"https:\/\/reign-lab.com\/de\/terms-of-use\/\" \/>\n<meta property=\"og:site_name\" content=\"Reign Lab\" \/>\n<meta property=\"article:publisher\" content=\"https:\/\/www.facebook.com\/reignlabfineart\/\" \/>\n<meta property=\"article:modified_time\" content=\"2024-09-18T14:08:05+00:00\" \/>\n<meta name=\"twitter:card\" content=\"summary_large_image\" \/>\n<meta name=\"twitter:label1\" content=\"Gesch\u00e4tzte Lesezeit\" \/>\n\t<meta name=\"twitter:data1\" content=\"10\u00a0Minuten\" \/>\n<script type=\"application\/ld+json\" class=\"yoast-schema-graph\">{\"@context\":\"https:\/\/schema.org\",\"@graph\":[{\"@type\":\"WebPage\",\"@id\":\"https:\/\/reign-lab.com\/de\/terms-of-use\/\",\"url\":\"https:\/\/reign-lab.com\/de\/terms-of-use\/\",\"name\":\"Nutzungsbedingungen - Reign Lab\",\"isPartOf\":{\"@id\":\"https:\/\/reign-lab.com\/de\/#website\"},\"datePublished\":\"2023-03-28T21:29:29+00:00\",\"dateModified\":\"2024-09-18T14:08:05+00:00\",\"breadcrumb\":{\"@id\":\"https:\/\/reign-lab.com\/de\/terms-of-use\/#breadcrumb\"},\"inLanguage\":\"de\",\"potentialAction\":[{\"@type\":\"ReadAction\",\"target\":[\"https:\/\/reign-lab.com\/de\/terms-of-use\/\"]}]},{\"@type\":\"BreadcrumbList\",\"@id\":\"https:\/\/reign-lab.com\/de\/terms-of-use\/#breadcrumb\",\"itemListElement\":[{\"@type\":\"ListItem\",\"position\":1,\"name\":\"Heim\",\"item\":\"https:\/\/reign-lab.com\/de\/home\/\"},{\"@type\":\"ListItem\",\"position\":2,\"name\":\"Nutzungsbedingungen\"}]},{\"@type\":\"WebSite\",\"@id\":\"https:\/\/reign-lab.com\/de\/#website\",\"url\":\"https:\/\/reign-lab.com\/de\/\",\"name\":\"Reign Lab\",\"description\":\"\u03a7\u03b5\u03b9\u03c1\u03bf\u03c0\u03bf\u03af\u03b7\u03c4\u03b1 \u03c8\u03b7\u03c6\u03b9\u03b1\u03ba\u03ac \u03ac\u03bb\u03bc\u03c0\u03bf\u03c5\u03bc\",\"publisher\":{\"@id\":\"https:\/\/reign-lab.com\/de\/#organization\"},\"potentialAction\":[{\"@type\":\"SearchAction\",\"target\":{\"@type\":\"EntryPoint\",\"urlTemplate\":\"https:\/\/reign-lab.com\/de\/?s={search_term_string}\"},\"query-input\":{\"@type\":\"PropertyValueSpecification\",\"valueRequired\":true,\"valueName\":\"search_term_string\"}}],\"inLanguage\":\"de\"},{\"@type\":\"Organization\",\"@id\":\"https:\/\/reign-lab.com\/de\/#organization\",\"name\":\"Reign Lab\",\"url\":\"https:\/\/reign-lab.com\/de\/\",\"logo\":{\"@type\":\"ImageObject\",\"inLanguage\":\"de\",\"@id\":\"https:\/\/reign-lab.com\/de\/#\/schema\/logo\/image\/\",\"url\":\"https:\/\/reign-lab.com\/wp-content\/uploads\/2023\/03\/reign-lab-logo.png\",\"contentUrl\":\"https:\/\/reign-lab.com\/wp-content\/uploads\/2023\/03\/reign-lab-logo.png\",\"width\":250,\"height\":194,\"caption\":\"Reign Lab\"},\"image\":{\"@id\":\"https:\/\/reign-lab.com\/de\/#\/schema\/logo\/image\/\"},\"sameAs\":[\"https:\/\/www.facebook.com\/reignlabfineart\/\",\"https:\/\/www.instagram.com\/reign_lab\/\"]}]}<\/script>\n<!-- \/ Yoast SEO plugin. -->","yoast_head_json":{"title":"Nutzungsbedingungen - Reign Lab","robots":{"index":"index","follow":"follow","max-snippet":"max-snippet:-1","max-image-preview":"max-image-preview:large","max-video-preview":"max-video-preview:-1"},"canonical":"https:\/\/reign-lab.com\/de\/terms-of-use\/","og_locale":"de_DE","og_type":"article","og_title":"Nutzungsbedingungen - Reign Lab","og_url":"https:\/\/reign-lab.com\/de\/terms-of-use\/","og_site_name":"Reign Lab","article_publisher":"https:\/\/www.facebook.com\/reignlabfineart\/","article_modified_time":"2024-09-18T14:08:05+00:00","twitter_card":"summary_large_image","twitter_misc":{"Gesch\u00e4tzte Lesezeit":"10\u00a0Minuten"},"schema":{"@context":"https:\/\/schema.org","@graph":[{"@type":"WebPage","@id":"https:\/\/reign-lab.com\/de\/terms-of-use\/","url":"https:\/\/reign-lab.com\/de\/terms-of-use\/","name":"Nutzungsbedingungen - Reign Lab","isPartOf":{"@id":"https:\/\/reign-lab.com\/de\/#website"},"datePublished":"2023-03-28T21:29:29+00:00","dateModified":"2024-09-18T14:08:05+00:00","breadcrumb":{"@id":"https:\/\/reign-lab.com\/de\/terms-of-use\/#breadcrumb"},"inLanguage":"de","potentialAction":[{"@type":"ReadAction","target":["https:\/\/reign-lab.com\/de\/terms-of-use\/"]}]},{"@type":"BreadcrumbList","@id":"https:\/\/reign-lab.com\/de\/terms-of-use\/#breadcrumb","itemListElement":[{"@type":"ListItem","position":1,"name":"Heim","item":"https:\/\/reign-lab.com\/de\/home\/"},{"@type":"ListItem","position":2,"name":"Nutzungsbedingungen"}]},{"@type":"WebSite","@id":"https:\/\/reign-lab.com\/de\/#website","url":"https:\/\/reign-lab.com\/de\/","name":"Reign Lab","description":"\u03a7\u03b5\u03b9\u03c1\u03bf\u03c0\u03bf\u03af\u03b7\u03c4\u03b1 \u03c8\u03b7\u03c6\u03b9\u03b1\u03ba\u03ac \u03ac\u03bb\u03bc\u03c0\u03bf\u03c5\u03bc","publisher":{"@id":"https:\/\/reign-lab.com\/de\/#organization"},"potentialAction":[{"@type":"SearchAction","target":{"@type":"EntryPoint","urlTemplate":"https:\/\/reign-lab.com\/de\/?s={search_term_string}"},"query-input":{"@type":"PropertyValueSpecification","valueRequired":true,"valueName":"search_term_string"}}],"inLanguage":"de"},{"@type":"Organization","@id":"https:\/\/reign-lab.com\/de\/#organization","name":"Reign Lab","url":"https:\/\/reign-lab.com\/de\/","logo":{"@type":"ImageObject","inLanguage":"de","@id":"https:\/\/reign-lab.com\/de\/#\/schema\/logo\/image\/","url":"https:\/\/reign-lab.com\/wp-content\/uploads\/2023\/03\/reign-lab-logo.png","contentUrl":"https:\/\/reign-lab.com\/wp-content\/uploads\/2023\/03\/reign-lab-logo.png","width":250,"height":194,"caption":"Reign Lab"},"image":{"@id":"https:\/\/reign-lab.com\/de\/#\/schema\/logo\/image\/"},"sameAs":["https:\/\/www.facebook.com\/reignlabfineart\/","https:\/\/www.instagram.com\/reign_lab\/"]}]}},"_links":{"self":[{"href":"https:\/\/reign-lab.com\/de\/wp-json\/wp\/v2\/pages\/4366","targetHints":{"allow":["GET"]}}],"collection":[{"href":"https:\/\/reign-lab.com\/de\/wp-json\/wp\/v2\/pages"}],"about":[{"href":"https:\/\/reign-lab.com\/de\/wp-json\/wp\/v2\/types\/page"}],"author":[{"embeddable":true,"href":"https:\/\/reign-lab.com\/de\/wp-json\/wp\/v2\/users\/1"}],"replies":[{"embeddable":true,"href":"https:\/\/reign-lab.com\/de\/wp-json\/wp\/v2\/comments?post=4366"}],"version-history":[{"count":18,"href":"https:\/\/reign-lab.com\/de\/wp-json\/wp\/v2\/pages\/4366\/revisions"}],"predecessor-version":[{"id":7347,"href":"https:\/\/reign-lab.com\/de\/wp-json\/wp\/v2\/pages\/4366\/revisions\/7347"}],"wp:attachment":[{"href":"https:\/\/reign-lab.com\/de\/wp-json\/wp\/v2\/media?parent=4366"}],"curies":[{"name":"wp","href":"https:\/\/api.w.org\/{rel}","templated":true}]}}