{"id":4371,"date":"2023-03-22T10:45:49","date_gmt":"2023-03-22T08:45:49","guid":{"rendered":"https:\/\/reign-lab.com\/privacy-policy\/"},"modified":"2023-12-10T22:32:33","modified_gmt":"2023-12-10T20:32:33","slug":"privacy-policy","status":"publish","type":"page","link":"https:\/\/reign-lab.com\/de\/privacy-policy\/","title":{"rendered":"Datenschutzrichtlinie"},"content":{"rendered":"<p><div class=\"fusion-fullwidth fullwidth-box fusion-builder-row-1 fusion-flex-container nonhundred-percent-fullwidth non-hundred-percent-height-scrolling\" style=\"--awb-border-radius-top-left:0px;--awb-border-radius-top-right:0px;--awb-border-radius-bottom-right:0px;--awb-border-radius-bottom-left:0px;--awb-flex-wrap:wrap;\" ><div class=\"fusion-builder-row fusion-row fusion-flex-align-items-flex-start fusion-flex-content-wrap\" style=\"max-width:1456px;margin-left: calc(-4% \/ 2 );margin-right: calc(-4% \/ 2 );\"><div class=\"fusion-layout-column fusion_builder_column fusion-builder-column-0 fusion_builder_column_1_1 1_1 fusion-flex-column\" style=\"--awb-bg-size:cover;--awb-width-large:100%;--awb-margin-top-large:0px;--awb-spacing-right-large:1.92%;--awb-margin-bottom-large:0px;--awb-spacing-left-large:1.92%;--awb-width-medium:100%;--awb-spacing-right-medium:1.92%;--awb-spacing-left-medium:1.92%;--awb-width-small:100%;--awb-spacing-right-small:1.92%;--awb-spacing-left-small:1.92%;\"><div class=\"fusion-column-wrapper fusion-flex-justify-content-flex-start fusion-content-layout-column\"><div class=\"fusion-text fusion-text-1\"><h2>Wer wir sind<\/h2>\n<p>Die Adresse unserer Website ist: https:\/\/reign-lab.com.<\/p>\n<h2>Kommentare<\/h2>\n<p>Wenn Besucher Kommentare auf der Website schreiben, sammeln wir die Daten, die im Kommentar-Formular angezeigt werden, au\u00dferdem die IP-Adresse des Besuchers und den User-Agent-String (damit wird der Browser identifiziert), um die Erkennung von Spam zu unterst\u00fctzen.<\/p>\n<p>Aus deiner E-Mail-Adresse kann eine anonymisierte Zeichenfolge erstellt (auch Hash genannt) und dem Gravatar-Dienst \u00fcbergeben werden, um zu pr\u00fcfen, ob du diesen benutzt. Die Datenschutzerkl\u00e4rung des Gravatar-Dienstes findest du hier: https:\/\/automattic.com\/privacy\/. Nachdem dein Kommentar freigegeben wurde, ist dein Profilbild \u00f6ffentlich im Kontext deines Kommentars sichtbar.<\/p>\n<h2>Medien<\/h2>\n<p>Wenn du ein registrierter Benutzer bist und Fotos auf diese Website l\u00e4dst, solltest du vermeiden, Fotos mit einem EXIF-GPS-Standort hochzuladen. Besucher dieser Website k\u00f6nnten Fotos, die auf dieser Website gespeichert sind, herunterladen und deren Standort-Informationen extrahieren.<\/p>\n<h2>Cookies<\/h2>\n<p>Wenn du einen Kommentar auf unserer Website schreibst, kann das eine Einwilligung sein, deinen Namen, E-Mail-Adresse und Website in Cookies zu speichern. Dies ist eine Komfortfunktion, damit du nicht, wenn du einen weiteren Kommentar schreibst, all diese Daten erneut eingeben musst. Diese Cookies werden ein Jahr lang gespeichert.<\/p>\n<p>Falls du ein Konto hast und dich auf dieser Website anmeldest, werden wir ein tempor\u00e4res Cookie setzen, um festzustellen, ob dein Browser Cookies akzeptiert. Dieses Cookie enth\u00e4lt keine personenbezogenen Daten und wird verworfen, wenn du deinen Browser schlie\u00dft.<\/p>\n<p>Wenn du dich anmeldest, werden wir einige Cookies einrichten, um deine Anmeldeinformationen und Anzeigeoptionen zu speichern. Anmelde-Cookies verfallen nach zwei Tagen und Cookies f\u00fcr die Anzeigeoptionen nach einem Jahr. Falls du bei der Anmeldung \u201eAngemeldet bleiben\u201c ausw\u00e4hlst, wird deine Anmeldung zwei Wochen lang aufrechterhalten. Mit der Abmeldung aus deinem Konto werden die Anmelde-Cookies gel\u00f6scht.<\/p>\n<p>Wenn du einen Artikel bearbeitest oder ver\u00f6ffentlichst, wird ein zus\u00e4tzlicher Cookie in deinem Browser gespeichert. Dieser Cookie enth\u00e4lt keine personenbezogenen Daten und verweist nur auf die Beitrags-ID des Artikels, den du gerade bearbeitet hast. Der Cookie verf\u00e4llt nach einem Tag.<\/p>\n<p>WPML verwendet Cookies zur Feststellung der aktuellen Sprache des Besuchers, der zuletzt besuchten Sprache und der Sprache der Benutzer, die sich eingeloggt haben.<\/p>\n<p>W\u00e4hrend Sie das Plugin verwenden, wird WPML die Daten bez\u00fcglich der Seite \u00fcber den Installer teilen. Dabei werden keine Daten vom Benutzer selbst geteilt.<\/p>\n<h2>Eingebettete Inhalte von anderen Websites<\/h2>\n<p>Beitr\u00e4ge auf dieser Website k\u00f6nnen eingebettete Inhalte beinhalten (z. B. Videos, Bilder, Beitr\u00e4ge etc.). Eingebettete Inhalte von anderen Websites verhalten sich exakt so, als ob der Besucher die andere Website besucht h\u00e4tte.<\/p>\n<p>Diese Websites k\u00f6nnen Daten \u00fcber dich sammeln, Cookies benutzen, zus\u00e4tzliche Tracking-Dienste von Dritten einbetten und deine Interaktion mit diesem eingebetteten Inhalt aufzeichnen, inklusive deiner Interaktion mit dem eingebetteten Inhalt, falls du ein Konto hast und auf dieser Website angemeldet bist.<\/p>\n<h2>Mit wem wir deine Daten teilen<\/h2>\n<p>Wenn du eine Zur\u00fccksetzung des Passworts beantragst, wird deine IP-Adresse in der E-Mail zur Zur\u00fccksetzung enthalten sein.<\/p>\n<h2>Wie lange wir deine Daten speichern<\/h2>\n<p>Wenn du einen Kommentar schreibst, wird dieser inklusive Metadaten zeitlich unbegrenzt gespeichert. Auf diese Art k\u00f6nnen wir Folgekommentare automatisch erkennen und freigeben, anstatt sie in einer Moderations-Warteschlange festzuhalten.<\/p>\n<p>F\u00fcr Benutzer, die sich auf unserer Website registrieren, speichern wir zus\u00e4tzlich die pers\u00f6nlichen Informationen, die sie in ihren Benutzerprofilen angeben. Alle Benutzer k\u00f6nnen jederzeit ihre pers\u00f6nlichen Informationen einsehen, ver\u00e4ndern oder l\u00f6schen (der Benutzername kann nicht ver\u00e4ndert werden). Administratoren der Website k\u00f6nnen diese Informationen ebenfalls einsehen und ver\u00e4ndern.<\/p>\n<h2>Welche Rechte du an deinen Daten hast<\/h2>\n<p>Wenn du ein Konto auf dieser Website besitzt oder Kommentare geschrieben hast, kannst du einen Export deiner personenbezogenen Daten bei uns anfordern, inklusive aller Daten, die du uns mitgeteilt hast. Dar\u00fcber hinaus kannst du die L\u00f6schung aller personenbezogenen Daten, die wir von dir gespeichert haben, anfordern. Dies umfasst nicht die Daten, die wir aufgrund administrativer, rechtlicher oder sicherheitsrelevanter Notwendigkeiten aufbewahren m\u00fcssen.<\/p>\n<h2>Wohin deine Daten gesendet werden<\/h2>\n<p>Besucher-Kommentare k\u00f6nnten von einem automatisierten Dienst zur Spam-Erkennung untersucht werden.<\/p>\n<h2>Was wir sammeln und speichern<\/h2>\n<p>W\u00e4hrend du unsere Website besuchst, zeichnen wir auf:<\/p>\n<ul>\n<li>Angesehene Produkte: Hier zeigen wir dir Produkte, die du vor Kurzem angesehen hast.<\/li>\n<li>Standort, IP-Adresse und Browser-Typ: Wir verwenden dies f\u00fcr Zwecke wie die Sch\u00e4tzung von Steuern und Versandkosten<\/li>\n<li>Versandadresse: Wir werden dich auffordern, diese anzugeben, um beispielsweise die Versandkosten bestimmen zu k\u00f6nnen, bevor du eine Bestellung aufgibst, und dir die Bestellung zusenden zu k\u00f6nnen.<\/li>\n<\/ul>\n<p>Wir nutzen auch Cookies, um den Inhalt deines Warenkorbs zu verfolgen, w\u00e4hrend du unsere Website besuchst.<\/p>\n<p>Wenn du bei uns einkaufst, werden wir dich auffordern, Informationen wie deinen Namen, deine Rechnungs- und Versandadresse, deine E-Mail-Adresse und deine Telefonnummer, Kreditkartendaten\/Zahlungsdetails sowie optionale Kontoinformationen wie Benutzername und Kennwort anzugeben. Wir nutzen diese Informationen f\u00fcr folgende Zwecke:<\/p>\n<ul>\n<li>Zusenden von Informationen \u00fcber dein Konto und Bestellung<\/li>\n<li>Antwort auf deine Anfragen, inklusive Erstattungen und Beschwerden<\/li>\n<li>Bearbeitung von Zahlungsvorg\u00e4ngen und Verhinderung von Betrug<\/li>\n<li>Richten Sie Ihr Konto f\u00fcr unseren Shop ein<\/li>\n<li>Einhaltung aller rechtlichen Verpflichtungen, beispielsweise die Steuerberechnung<\/li>\n<li>Verbesserung unsere Shop-Angebote<\/li>\n<li>Senden von Marketing-Nachrichten, wenn du diese erhalten m\u00f6chtest<\/li>\n<\/ul>\n<p>Wenn du ein Konto bei uns erstellst, speichern wir deinen Namen, deine Adresse, deine E-Mail-Adresse und deine Telefonnummer. Diese Angaben werden bei k\u00fcnftigen Bestellungen zum Ausf\u00fcllen der Bezahlinformationen verwendet.<\/p>\n<p>Wir speichern Informationen \u00fcber dich \u00fcblicherweise so lange, wie wir sie f\u00fcr den Zweck der Erfassung und Nutzung ben\u00f6tigen und verpflichtet sind, sie zu speichern. Beispielsweise speichern wir Bestellinformationen f\u00fcr XXX Jahre aus Steuer- und Abrechnungsgr\u00fcnden. Dazu geh\u00f6rt dein Name, deine E-Mail-Adresse sowie deine Rechnungs- und Versandadresse.<\/p>\n<p>W\u00e4hrend des Bestellvorgangs in unserem Shop erfassen wir Informationen \u00fcber Sie.<\/p>\n<p>Wir speichern auch Kommentare oder Bewertungen, wenn du dich dazu entscheidest diese zu hinterlassen.<\/p>\n<h2>Wer aus unserem Team hat Zugang<\/h2>\n<p>Mitglieder unseres Teams haben Zugang zu den Informationen, die du uns zur Verf\u00fcgung stellst. Zum Beispiel k\u00f6nnen sowohl Administratoren als auch Shop-Manager auf Folgendes zugreifen:<\/p>\n<ul>\n<li>Bestellinformationen wie gekaufte Produkte, der Zeitpunkt des Kaufs sowie die Versandadresse und<\/li>\n<li>Kundeninformationen wie dein Name, E-Mail-Adresse, sowie Rechnungs- und Versandinformationen.<\/li>\n<\/ul>\n<p>Unsere Teammitglieder haben Zugriff auf diese Informationen, um Bestellungen zu bearbeiten, R\u00fcckerstattungen vorzunehmen und Dich zu unterst\u00fctzen.<\/p>\n<h2>Was wir mit anderen teilen<\/h2>\n<p>Wir teilen Informationen mit Dritten, die uns helfen, Ihnen unsere Bestellungen und Dienstleistungen anzubieten. Beispielsweise &#8212;<\/p>\n<h3>Zahlungen<\/h3>\n<p>Wir akzeptieren Zahlungen mit PayPal. Bei der Zahlungsabwicklung werden einige deiner Daten an PayPal weitergegeben. Hierbei werden ausschlie\u00dflich erforderliche Informationen f\u00fcr die Verarbeitung oder Durchf\u00fchrung der Zahlung weitergegeben wie beispielsweise Gesamtkaufpreis und Zahlungsinformationen.<\/p>\n<p>Hier kannst du dir die <a href=\"https:\/\/www.paypal.com\/us\/webapps\/mpp\/ua\/privacy-full\">PayPal Datenschutzerkl\u00e4rung<\/a> ansehen.<\/p>\n<h2>WPML<\/h2>\n<p>WPML Translation Management wird die E-Mail-Adresse und den Namen jedes Managers sowie des zugeordneten \u00dcbersetzers und den Inhalt selbst an den erweiterten Translation Editor und die eingesetzten \u00dcbersetzungsdienste senden.<\/p>\n<p>WooCommerce Multilingual &amp; Multicurrency verwendet Cookies, um bei der Nutzung von Sprachen in Domains die Infos im Einkaufswagen zu verstehen und um Daten zwischen den Domains zu \u00fcbertragen.<\/p>\n<p>WooCommerce Multilingual &amp; Multicurrency verwendet au\u00dferdem Cookies, um die Sprache und W\u00e4hrung der jeweiligen Kundenbestellung zu identifizieren, sowie die Sprache der Berichte, die von WooCommerce erstellt werden. WooCommerce Multilingual erweitert diese Berichte, indem es Informationen zur W\u00e4hrung hinzuf\u00fcgt.<\/p>\n<p>WPML String Translation wird alle Strings an WPMLs erweiterten Translation Editor und an die eingesetzten \u00dcbersetzungsdienste senden.<\/p>\n<h3>YouTube<\/h3>\n<p>Our website uses plugins from YouTube, which is operated by Google. The operator of the pages is YouTube LLC, 901 Cherry Ave., San Bruno, CA 94066, USA.<\/p>\n<p>If you visit one of our pages featuring a YouTube plugin, a connection to the YouTube servers is established. Here the YouTube server is informed about which of our pages you have visited.<\/p>\n<p>If you&#8217;re logged in to your YouTube account, YouTube allows you to associate your browsing behavior directly with your personal profile. You can prevent this by logging out of your YouTube account.<\/p>\n<p>YouTube is used to help make our website appealing. This constitutes a justified interest pursuant to Art. 6 (1) (f) DSGVO.<\/p>\n<p>Further information about handling user data, can be found in the data protection declaration of YouTube under <a href=\"https:\/\/www.google.de\/intl\/de\/policies\/privacy\" target=\"_blank\" rel=\"noopener\">https:\/\/www.google.de\/intl\/de\/policies\/privacy<\/a>.<\/p>\n<h3>Vimeo<\/h3>\n<p>Our website uses features provided by the Vimeo video portal. This service is provided by Vimeo Inc., 555 West 18th Street, New York, New York 10011, USA.<\/p>\n<p>If you visit one of our pages featuring a Vimeo plugin, a connection to the Vimeo servers is established. Here the Vimeo server is informed about which of our pages you have visited. In addition, Vimeo will receive your IP address. This also applies if you are not logged in to Vimeo when you visit our plugin or do not have a Vimeo account. The information is transmitted to a Vimeo server in the US, where it is stored.<\/p>\n<p>If you are logged in to your Vimeo account, Vimeo allows you to associate your browsing behavior directly with your personal profile. You can prevent this by logging out of your Vimeo account.<\/p>\n<p>For more information on how to handle user data, please refer to the Vimeo Privacy Policy at <a href=\"https:\/\/vimeo.com\/privacy\" target=\"_blank\" rel=\"noopener\">https:\/\/vimeo.com\/privacy<\/a>.<\/p>\n<h3>Google Web Fonts<\/h3>\n<p>For uniform representation of fonts, this page uses web fonts provided by Google. When you open a page, your browser loads the required web fonts into your browser cache to display texts and fonts correctly.<\/p>\n<p>For this purpose your browser has to establish a direct connection to Google servers. Google thus becomes aware that our web page was accessed via your IP address. The use of Google Web fonts is done in the interest of a uniform and attractive presentation of our plugin. This constitutes a justified interest pursuant to Art. 6 (1) (f) DSGVO.<\/p>\n<p>If your browser does not support web fonts, a standard font is used by your computer.<\/p>\n<p>Further information about handling user data, can be found at <a href=\"https:\/\/developers.google.com\/fonts\/faq\" target=\"_blank\" rel=\"noopener\">https:\/\/developers.google.com\/fonts\/faq<\/a> and in Google&#8217;s privacy policy at <a href=\"https:\/\/www.google.com\/policies\/privacy\/\" target=\"_blank\" rel=\"noopener\">https:\/\/www.google.com\/policies\/privacy\/<\/a>.<\/p>\n<h3>SoundCloud<\/h3>\n<p>On our pages, plugins of the SoundCloud social network (SoundCloud Limited, Berners House, 47-48 Berners Street, London W1T 3NF, UK) may be integrated. The SoundCloud plugins can be recognized by the SoundCloud logo on our site.<\/p>\n<p>When you visit our site, a direct connection between your browser and the SoundCloud server is established via the plugin. This enables SoundCloud to receive information that you have visited our site from your IP address. If you click on the \u201cLike\u201d or \u201cShare\u201d buttons while you are logged into your SoundCloud account, you can link the content of our pages to your SoundCloud profile. This means that SoundCloud can associate visits to our pages with your user account. We would like to point out that, as the provider of these pages, we have no knowledge of the content of the data transmitted or how it will be used by SoundCloud. For more information on SoundCloud\u2019s privacy policy, please go to https:\/\/soundcloud.com\/pages\/privacy.<\/p>\n<p>If you do not want SoundCloud to associate your visit to our site with your SoundCloud account, please log out of your SoundCloud account.<\/p>\n<\/div><\/div><\/div><\/div><\/div><div class=\"fusion-fullwidth fullwidth-box fusion-builder-row-2 fusion-flex-container has-pattern-background has-mask-background nonhundred-percent-fullwidth non-hundred-percent-height-scrolling\" style=\"--awb-border-radius-top-left:0px;--awb-border-radius-top-right:0px;--awb-border-radius-bottom-right:0px;--awb-border-radius-bottom-left:0px;--awb-flex-wrap:wrap;\" ><div class=\"fusion-builder-row fusion-row fusion-flex-align-items-flex-start fusion-flex-content-wrap\" style=\"max-width:1456px;margin-left: calc(-4% \/ 2 );margin-right: calc(-4% \/ 2 );\"><div class=\"fusion-layout-column fusion_builder_column fusion-builder-column-1 fusion_builder_column_1_1 1_1 fusion-flex-column\" style=\"--awb-bg-size:cover;--awb-width-large:100%;--awb-margin-top-large:0px;--awb-spacing-right-large:1.92%;--awb-margin-bottom-large:20px;--awb-spacing-left-large:1.92%;--awb-width-medium:100%;--awb-order-medium:0;--awb-spacing-right-medium:1.92%;--awb-spacing-left-medium:1.92%;--awb-width-small:100%;--awb-order-small:0;--awb-spacing-right-small:1.92%;--awb-spacing-left-small:1.92%;\"><div class=\"fusion-column-wrapper fusion-column-has-shadow fusion-flex-justify-content-flex-start fusion-content-layout-column\"><div class=\"fusion-title title fusion-title-1 fusion-sep-none fusion-title-text fusion-title-size-three\" style=\"--awb-margin-top-small:10px;--awb-margin-right-small:0px;--awb-margin-bottom-small:10px;--awb-margin-left-small:0px;\"><h3 class=\"fusion-title-heading title-heading-left fusion-responsive-typography-calculated\" style=\"margin:0;--fontSize:36;line-height:var(--awb-typography1-line-height);\">Datenschutzeinstellungen<\/h3><\/div><\/div><\/div><div class=\"fusion-layout-column fusion_builder_column fusion-builder-column-2 fusion_builder_column_1_1 1_1 fusion-flex-column\" style=\"--awb-bg-size:cover;--awb-width-large:100%;--awb-margin-top-large:0px;--awb-spacing-right-large:1.92%;--awb-margin-bottom-large:20px;--awb-spacing-left-large:1.92%;--awb-width-medium:100%;--awb-order-medium:0;--awb-spacing-right-medium:1.92%;--awb-spacing-left-medium:1.92%;--awb-width-small:100%;--awb-order-small:0;--awb-spacing-right-small:1.92%;--awb-spacing-left-small:1.92%;\"><div class=\"fusion-column-wrapper fusion-column-has-shadow fusion-flex-justify-content-flex-start fusion-content-layout-column\"><div class=\"fusion-privacy-element fusion-privacy-element-1\"><div class=\"fusion-privacy-form-intro\"><\/div><form id=\"fusion-privacy-form-1\" method=\"post\" class=\"fusion-privacy-form fusion-privacy-form-stacked\"><ul><li><label for=\"youtube\"><input name=\"consents[]\" type=\"checkbox\" value=\"youtube\"  id=\"youtube\">YouTube<\/label><\/li><li><label for=\"facebook\"><input name=\"consents[]\" type=\"checkbox\" value=\"facebook\"  id=\"facebook\">Facebook<\/label><\/li><li><label for=\"twitter\"><input name=\"consents[]\" type=\"checkbox\" value=\"twitter\"  id=\"twitter\">X<\/label><\/li><li><label for=\"gmaps\"><input name=\"consents[]\" type=\"checkbox\" value=\"gmaps\"  id=\"gmaps\">Google Maps<\/label><\/li><\/ul><input type=\"hidden\" name=\"_wp_http_referer\" value=\"\/de\/wp-json\/wp\/v2\/pages\/4371\" \/><input type=\"hidden\" name=\"privacyformid\" value=\"1\"><input type=\"hidden\" name=\"consents[]\" value=\"consent\"><input class=\"fusion-button fusion-button-default fusion-button-default-size\" type=\"submit\" value=\"Aktualisieren\" ><input type=\"hidden\" id=\"fusion_privacy_nonce\" name=\"fusion_privacy_nonce\" value=\"d4e126f61c\" \/><input type=\"hidden\" name=\"_wp_http_referer\" value=\"\/de\/wp-json\/wp\/v2\/pages\/4371\" \/><\/form><\/div><\/div><\/div><\/div><\/div><\/p>\n","protected":false},"excerpt":{"rendered":"","protected":false},"author":1,"featured_media":0,"parent":0,"menu_order":0,"comment_status":"closed","ping_status":"open","template":"","meta":{"_acf_changed":false,"footnotes":""},"class_list":["post-4371","page","type-page","status-publish","hentry"],"acf":[],"yoast_head":"<!-- This site is optimized with the Yoast SEO plugin v27.2 - https:\/\/yoast.com\/product\/yoast-seo-wordpress\/ -->\n<title>Datenschutzrichtlinie - Reign Lab<\/title>\n<meta name=\"robots\" content=\"index, follow, max-snippet:-1, max-image-preview:large, max-video-preview:-1\" \/>\n<link rel=\"canonical\" href=\"https:\/\/reign-lab.com\/de\/privacy-policy\/\" \/>\n<meta property=\"og:locale\" content=\"de_DE\" \/>\n<meta property=\"og:type\" content=\"article\" \/>\n<meta property=\"og:title\" content=\"Datenschutzrichtlinie - Reign Lab\" \/>\n<meta property=\"og:url\" content=\"https:\/\/reign-lab.com\/de\/privacy-policy\/\" \/>\n<meta property=\"og:site_name\" content=\"Reign Lab\" \/>\n<meta property=\"article:publisher\" content=\"https:\/\/www.facebook.com\/reignlabfineart\/\" \/>\n<meta property=\"article:modified_time\" content=\"2023-12-10T20:32:33+00:00\" \/>\n<meta name=\"twitter:card\" content=\"summary_large_image\" \/>\n<meta name=\"twitter:label1\" content=\"Gesch\u00e4tzte Lesezeit\" \/>\n\t<meta name=\"twitter:data1\" content=\"14\u00a0Minuten\" \/>\n<script type=\"application\/ld+json\" class=\"yoast-schema-graph\">{\"@context\":\"https:\/\/schema.org\",\"@graph\":[{\"@type\":\"WebPage\",\"@id\":\"https:\/\/reign-lab.com\/de\/privacy-policy\/\",\"url\":\"https:\/\/reign-lab.com\/de\/privacy-policy\/\",\"name\":\"Datenschutzrichtlinie - Reign Lab\",\"isPartOf\":{\"@id\":\"https:\/\/reign-lab.com\/de\/#website\"},\"datePublished\":\"2023-03-22T08:45:49+00:00\",\"dateModified\":\"2023-12-10T20:32:33+00:00\",\"breadcrumb\":{\"@id\":\"https:\/\/reign-lab.com\/de\/privacy-policy\/#breadcrumb\"},\"inLanguage\":\"de\",\"potentialAction\":[{\"@type\":\"ReadAction\",\"target\":[\"https:\/\/reign-lab.com\/de\/privacy-policy\/\"]}]},{\"@type\":\"BreadcrumbList\",\"@id\":\"https:\/\/reign-lab.com\/de\/privacy-policy\/#breadcrumb\",\"itemListElement\":[{\"@type\":\"ListItem\",\"position\":1,\"name\":\"Heim\",\"item\":\"https:\/\/reign-lab.com\/de\/home\/\"},{\"@type\":\"ListItem\",\"position\":2,\"name\":\"Datenschutzrichtlinie\"}]},{\"@type\":\"WebSite\",\"@id\":\"https:\/\/reign-lab.com\/de\/#website\",\"url\":\"https:\/\/reign-lab.com\/de\/\",\"name\":\"Reign Lab\",\"description\":\"\u03a7\u03b5\u03b9\u03c1\u03bf\u03c0\u03bf\u03af\u03b7\u03c4\u03b1 \u03c8\u03b7\u03c6\u03b9\u03b1\u03ba\u03ac \u03ac\u03bb\u03bc\u03c0\u03bf\u03c5\u03bc\",\"publisher\":{\"@id\":\"https:\/\/reign-lab.com\/de\/#organization\"},\"potentialAction\":[{\"@type\":\"SearchAction\",\"target\":{\"@type\":\"EntryPoint\",\"urlTemplate\":\"https:\/\/reign-lab.com\/de\/?s={search_term_string}\"},\"query-input\":{\"@type\":\"PropertyValueSpecification\",\"valueRequired\":true,\"valueName\":\"search_term_string\"}}],\"inLanguage\":\"de\"},{\"@type\":\"Organization\",\"@id\":\"https:\/\/reign-lab.com\/de\/#organization\",\"name\":\"Reign Lab\",\"url\":\"https:\/\/reign-lab.com\/de\/\",\"logo\":{\"@type\":\"ImageObject\",\"inLanguage\":\"de\",\"@id\":\"https:\/\/reign-lab.com\/de\/#\/schema\/logo\/image\/\",\"url\":\"https:\/\/reign-lab.com\/wp-content\/uploads\/2023\/03\/reign-lab-logo.png\",\"contentUrl\":\"https:\/\/reign-lab.com\/wp-content\/uploads\/2023\/03\/reign-lab-logo.png\",\"width\":250,\"height\":194,\"caption\":\"Reign Lab\"},\"image\":{\"@id\":\"https:\/\/reign-lab.com\/de\/#\/schema\/logo\/image\/\"},\"sameAs\":[\"https:\/\/www.facebook.com\/reignlabfineart\/\",\"https:\/\/www.instagram.com\/reign_lab\/\"]}]}<\/script>\n<!-- \/ Yoast SEO plugin. -->","yoast_head_json":{"title":"Datenschutzrichtlinie - Reign Lab","robots":{"index":"index","follow":"follow","max-snippet":"max-snippet:-1","max-image-preview":"max-image-preview:large","max-video-preview":"max-video-preview:-1"},"canonical":"https:\/\/reign-lab.com\/de\/privacy-policy\/","og_locale":"de_DE","og_type":"article","og_title":"Datenschutzrichtlinie - Reign Lab","og_url":"https:\/\/reign-lab.com\/de\/privacy-policy\/","og_site_name":"Reign Lab","article_publisher":"https:\/\/www.facebook.com\/reignlabfineart\/","article_modified_time":"2023-12-10T20:32:33+00:00","twitter_card":"summary_large_image","twitter_misc":{"Gesch\u00e4tzte Lesezeit":"14\u00a0Minuten"},"schema":{"@context":"https:\/\/schema.org","@graph":[{"@type":"WebPage","@id":"https:\/\/reign-lab.com\/de\/privacy-policy\/","url":"https:\/\/reign-lab.com\/de\/privacy-policy\/","name":"Datenschutzrichtlinie - Reign Lab","isPartOf":{"@id":"https:\/\/reign-lab.com\/de\/#website"},"datePublished":"2023-03-22T08:45:49+00:00","dateModified":"2023-12-10T20:32:33+00:00","breadcrumb":{"@id":"https:\/\/reign-lab.com\/de\/privacy-policy\/#breadcrumb"},"inLanguage":"de","potentialAction":[{"@type":"ReadAction","target":["https:\/\/reign-lab.com\/de\/privacy-policy\/"]}]},{"@type":"BreadcrumbList","@id":"https:\/\/reign-lab.com\/de\/privacy-policy\/#breadcrumb","itemListElement":[{"@type":"ListItem","position":1,"name":"Heim","item":"https:\/\/reign-lab.com\/de\/home\/"},{"@type":"ListItem","position":2,"name":"Datenschutzrichtlinie"}]},{"@type":"WebSite","@id":"https:\/\/reign-lab.com\/de\/#website","url":"https:\/\/reign-lab.com\/de\/","name":"Reign Lab","description":"\u03a7\u03b5\u03b9\u03c1\u03bf\u03c0\u03bf\u03af\u03b7\u03c4\u03b1 \u03c8\u03b7\u03c6\u03b9\u03b1\u03ba\u03ac \u03ac\u03bb\u03bc\u03c0\u03bf\u03c5\u03bc","publisher":{"@id":"https:\/\/reign-lab.com\/de\/#organization"},"potentialAction":[{"@type":"SearchAction","target":{"@type":"EntryPoint","urlTemplate":"https:\/\/reign-lab.com\/de\/?s={search_term_string}"},"query-input":{"@type":"PropertyValueSpecification","valueRequired":true,"valueName":"search_term_string"}}],"inLanguage":"de"},{"@type":"Organization","@id":"https:\/\/reign-lab.com\/de\/#organization","name":"Reign Lab","url":"https:\/\/reign-lab.com\/de\/","logo":{"@type":"ImageObject","inLanguage":"de","@id":"https:\/\/reign-lab.com\/de\/#\/schema\/logo\/image\/","url":"https:\/\/reign-lab.com\/wp-content\/uploads\/2023\/03\/reign-lab-logo.png","contentUrl":"https:\/\/reign-lab.com\/wp-content\/uploads\/2023\/03\/reign-lab-logo.png","width":250,"height":194,"caption":"Reign Lab"},"image":{"@id":"https:\/\/reign-lab.com\/de\/#\/schema\/logo\/image\/"},"sameAs":["https:\/\/www.facebook.com\/reignlabfineart\/","https:\/\/www.instagram.com\/reign_lab\/"]}]}},"_links":{"self":[{"href":"https:\/\/reign-lab.com\/de\/wp-json\/wp\/v2\/pages\/4371","targetHints":{"allow":["GET"]}}],"collection":[{"href":"https:\/\/reign-lab.com\/de\/wp-json\/wp\/v2\/pages"}],"about":[{"href":"https:\/\/reign-lab.com\/de\/wp-json\/wp\/v2\/types\/page"}],"author":[{"embeddable":true,"href":"https:\/\/reign-lab.com\/de\/wp-json\/wp\/v2\/users\/1"}],"replies":[{"embeddable":true,"href":"https:\/\/reign-lab.com\/de\/wp-json\/wp\/v2\/comments?post=4371"}],"version-history":[{"count":13,"href":"https:\/\/reign-lab.com\/de\/wp-json\/wp\/v2\/pages\/4371\/revisions"}],"predecessor-version":[{"id":6915,"href":"https:\/\/reign-lab.com\/de\/wp-json\/wp\/v2\/pages\/4371\/revisions\/6915"}],"wp:attachment":[{"href":"https:\/\/reign-lab.com\/de\/wp-json\/wp\/v2\/media?parent=4371"}],"curies":[{"name":"wp","href":"https:\/\/api.w.org\/{rel}","templated":true}]}}