{"id":5214,"date":"2023-03-22T10:17:12","date_gmt":"2023-03-22T08:17:12","guid":{"rendered":"https:\/\/reign-lab.com\/product\/knit-style-collection-05\/"},"modified":"2023-11-26T18:26:02","modified_gmt":"2023-11-26T16:26:02","slug":"knit-style-collection-05","status":"publish","type":"product","link":"https:\/\/reign-lab.com\/de\/product\/knit-style-collection-05\/","title":{"rendered":"Knit Style Collection KS-5"},"content":{"rendered":"","protected":false},"excerpt":{"rendered":"<p>Stoff mit Aufdruck.<br \/>\nEs wird in einer unbedruckten wei\u00dfen oder Kraft Schachtel geliefert (abh\u00e4ngig von der Farbe des von Ihnen gew\u00e4hlten Stoffes).<br \/>\nBitte beachten Sie, dass es optional eine Verpackung mit Aufdruck gibt.<\/p>\n","protected":false},"featured_media":1593,"template":"","meta":{"_acf_changed":false},"product_brand":[],"product_cat":[191],"product_tag":[237,245],"class_list":{"0":"post-5214","1":"product","2":"type-product","3":"status-publish","4":"has-post-thumbnail","6":"product_cat-albums","7":"product_tag-kraft-de","8":"product_tag-stoff","9":"pa_design-5-de","10":"pa_series-knit-style-de","12":"first","13":"instock","14":"taxable","15":"shipping-taxable","16":"purchasable","17":"product-type-simple"},"acf":[],"yoast_head":"<!-- This site is optimized with the Yoast SEO plugin v27.2 - https:\/\/yoast.com\/product\/yoast-seo-wordpress\/ -->\n<title>Knit Style Collection KS-5 - Reign Lab<\/title>\n<meta name=\"robots\" content=\"index, follow, max-snippet:-1, max-image-preview:large, max-video-preview:-1\" \/>\n<link rel=\"canonical\" href=\"https:\/\/reign-lab.com\/de\/product\/knit-style-collection-05\/\" \/>\n<meta property=\"og:locale\" content=\"de_DE\" \/>\n<meta property=\"og:type\" content=\"article\" \/>\n<meta property=\"og:title\" content=\"Knit Style Collection KS-5 - Reign Lab\" \/>\n<meta property=\"og:description\" content=\"Stoff mit Aufdruck. Es wird in einer unbedruckten wei\u00dfen oder Kraft Schachtel geliefert (abh\u00e4ngig von der Farbe des von Ihnen gew\u00e4hlten Stoffes). Bitte beachten Sie, dass es optional eine Verpackung mit Aufdruck gibt.\" \/>\n<meta property=\"og:url\" content=\"https:\/\/reign-lab.com\/de\/product\/knit-style-collection-05\/\" \/>\n<meta property=\"og:site_name\" content=\"Reign Lab\" \/>\n<meta property=\"article:publisher\" content=\"https:\/\/www.facebook.com\/reignlabfineart\/\" \/>\n<meta property=\"article:modified_time\" content=\"2023-11-26T16:26:02+00:00\" \/>\n<meta property=\"og:image\" content=\"https:\/\/reign-lab.com\/wp-content\/uploads\/2023\/03\/KS_5.jpg\" \/>\n\t<meta property=\"og:image:width\" content=\"1100\" \/>\n\t<meta property=\"og:image:height\" content=\"733\" \/>\n\t<meta property=\"og:image:type\" content=\"image\/jpeg\" \/>\n<meta name=\"twitter:card\" content=\"summary_large_image\" \/>\n<script type=\"application\/ld+json\" class=\"yoast-schema-graph\">{\"@context\":\"https:\/\/schema.org\",\"@graph\":[{\"@type\":\"WebPage\",\"@id\":\"https:\/\/reign-lab.com\/de\/product\/knit-style-collection-05\/\",\"url\":\"https:\/\/reign-lab.com\/de\/product\/knit-style-collection-05\/\",\"name\":\"Knit Style Collection KS-5 - Reign Lab\",\"isPartOf\":{\"@id\":\"https:\/\/reign-lab.com\/de\/#website\"},\"primaryImageOfPage\":{\"@id\":\"https:\/\/reign-lab.com\/de\/product\/knit-style-collection-05\/#primaryimage\"},\"image\":{\"@id\":\"https:\/\/reign-lab.com\/de\/product\/knit-style-collection-05\/#primaryimage\"},\"thumbnailUrl\":\"https:\/\/reign-lab.com\/wp-content\/uploads\/2023\/03\/KS_5.jpg\",\"datePublished\":\"2023-03-22T08:17:12+00:00\",\"dateModified\":\"2023-11-26T16:26:02+00:00\",\"breadcrumb\":{\"@id\":\"https:\/\/reign-lab.com\/de\/product\/knit-style-collection-05\/#breadcrumb\"},\"inLanguage\":\"de\",\"potentialAction\":[{\"@type\":\"ReadAction\",\"target\":[\"https:\/\/reign-lab.com\/de\/product\/knit-style-collection-05\/\"]}]},{\"@type\":\"ImageObject\",\"inLanguage\":\"de\",\"@id\":\"https:\/\/reign-lab.com\/de\/product\/knit-style-collection-05\/#primaryimage\",\"url\":\"https:\/\/reign-lab.com\/wp-content\/uploads\/2023\/03\/KS_5.jpg\",\"contentUrl\":\"https:\/\/reign-lab.com\/wp-content\/uploads\/2023\/03\/KS_5.jpg\",\"width\":1100,\"height\":733},{\"@type\":\"BreadcrumbList\",\"@id\":\"https:\/\/reign-lab.com\/de\/product\/knit-style-collection-05\/#breadcrumb\",\"itemListElement\":[{\"@type\":\"ListItem\",\"position\":1,\"name\":\"Heim\",\"item\":\"https:\/\/reign-lab.com\/de\/home\/\"},{\"@type\":\"ListItem\",\"position\":2,\"name\":\"Shop\",\"item\":\"https:\/\/reign-lab.com\/de\/shop\/\"},{\"@type\":\"ListItem\",\"position\":3,\"name\":\"Knit Style Collection KS-5\"}]},{\"@type\":\"WebSite\",\"@id\":\"https:\/\/reign-lab.com\/de\/#website\",\"url\":\"https:\/\/reign-lab.com\/de\/\",\"name\":\"Reign Lab\",\"description\":\"\u03a7\u03b5\u03b9\u03c1\u03bf\u03c0\u03bf\u03af\u03b7\u03c4\u03b1 \u03c8\u03b7\u03c6\u03b9\u03b1\u03ba\u03ac \u03ac\u03bb\u03bc\u03c0\u03bf\u03c5\u03bc\",\"publisher\":{\"@id\":\"https:\/\/reign-lab.com\/de\/#organization\"},\"potentialAction\":[{\"@type\":\"SearchAction\",\"target\":{\"@type\":\"EntryPoint\",\"urlTemplate\":\"https:\/\/reign-lab.com\/de\/?s={search_term_string}\"},\"query-input\":{\"@type\":\"PropertyValueSpecification\",\"valueRequired\":true,\"valueName\":\"search_term_string\"}}],\"inLanguage\":\"de\"},{\"@type\":\"Organization\",\"@id\":\"https:\/\/reign-lab.com\/de\/#organization\",\"name\":\"Reign Lab\",\"url\":\"https:\/\/reign-lab.com\/de\/\",\"logo\":{\"@type\":\"ImageObject\",\"inLanguage\":\"de\",\"@id\":\"https:\/\/reign-lab.com\/de\/#\/schema\/logo\/image\/\",\"url\":\"https:\/\/reign-lab.com\/wp-content\/uploads\/2023\/03\/reign-lab-logo.png\",\"contentUrl\":\"https:\/\/reign-lab.com\/wp-content\/uploads\/2023\/03\/reign-lab-logo.png\",\"width\":250,\"height\":194,\"caption\":\"Reign Lab\"},\"image\":{\"@id\":\"https:\/\/reign-lab.com\/de\/#\/schema\/logo\/image\/\"},\"sameAs\":[\"https:\/\/www.facebook.com\/reignlabfineart\/\",\"https:\/\/www.instagram.com\/reign_lab\/\"]}]}<\/script>\n<!-- \/ Yoast SEO plugin. -->","yoast_head_json":{"title":"Knit Style Collection KS-5 - Reign Lab","robots":{"index":"index","follow":"follow","max-snippet":"max-snippet:-1","max-image-preview":"max-image-preview:large","max-video-preview":"max-video-preview:-1"},"canonical":"https:\/\/reign-lab.com\/de\/product\/knit-style-collection-05\/","og_locale":"de_DE","og_type":"article","og_title":"Knit Style Collection KS-5 - Reign Lab","og_description":"Stoff mit Aufdruck. Es wird in einer unbedruckten wei\u00dfen oder Kraft Schachtel geliefert (abh\u00e4ngig von der Farbe des von Ihnen gew\u00e4hlten Stoffes). Bitte beachten Sie, dass es optional eine Verpackung mit Aufdruck gibt.","og_url":"https:\/\/reign-lab.com\/de\/product\/knit-style-collection-05\/","og_site_name":"Reign Lab","article_publisher":"https:\/\/www.facebook.com\/reignlabfineart\/","article_modified_time":"2023-11-26T16:26:02+00:00","og_image":[{"width":1100,"height":733,"url":"https:\/\/reign-lab.com\/wp-content\/uploads\/2023\/03\/KS_5.jpg","type":"image\/jpeg"}],"twitter_card":"summary_large_image","schema":{"@context":"https:\/\/schema.org","@graph":[{"@type":"WebPage","@id":"https:\/\/reign-lab.com\/de\/product\/knit-style-collection-05\/","url":"https:\/\/reign-lab.com\/de\/product\/knit-style-collection-05\/","name":"Knit Style Collection KS-5 - Reign Lab","isPartOf":{"@id":"https:\/\/reign-lab.com\/de\/#website"},"primaryImageOfPage":{"@id":"https:\/\/reign-lab.com\/de\/product\/knit-style-collection-05\/#primaryimage"},"image":{"@id":"https:\/\/reign-lab.com\/de\/product\/knit-style-collection-05\/#primaryimage"},"thumbnailUrl":"https:\/\/reign-lab.com\/wp-content\/uploads\/2023\/03\/KS_5.jpg","datePublished":"2023-03-22T08:17:12+00:00","dateModified":"2023-11-26T16:26:02+00:00","breadcrumb":{"@id":"https:\/\/reign-lab.com\/de\/product\/knit-style-collection-05\/#breadcrumb"},"inLanguage":"de","potentialAction":[{"@type":"ReadAction","target":["https:\/\/reign-lab.com\/de\/product\/knit-style-collection-05\/"]}]},{"@type":"ImageObject","inLanguage":"de","@id":"https:\/\/reign-lab.com\/de\/product\/knit-style-collection-05\/#primaryimage","url":"https:\/\/reign-lab.com\/wp-content\/uploads\/2023\/03\/KS_5.jpg","contentUrl":"https:\/\/reign-lab.com\/wp-content\/uploads\/2023\/03\/KS_5.jpg","width":1100,"height":733},{"@type":"BreadcrumbList","@id":"https:\/\/reign-lab.com\/de\/product\/knit-style-collection-05\/#breadcrumb","itemListElement":[{"@type":"ListItem","position":1,"name":"Heim","item":"https:\/\/reign-lab.com\/de\/home\/"},{"@type":"ListItem","position":2,"name":"Shop","item":"https:\/\/reign-lab.com\/de\/shop\/"},{"@type":"ListItem","position":3,"name":"Knit Style Collection KS-5"}]},{"@type":"WebSite","@id":"https:\/\/reign-lab.com\/de\/#website","url":"https:\/\/reign-lab.com\/de\/","name":"Reign Lab","description":"\u03a7\u03b5\u03b9\u03c1\u03bf\u03c0\u03bf\u03af\u03b7\u03c4\u03b1 \u03c8\u03b7\u03c6\u03b9\u03b1\u03ba\u03ac \u03ac\u03bb\u03bc\u03c0\u03bf\u03c5\u03bc","publisher":{"@id":"https:\/\/reign-lab.com\/de\/#organization"},"potentialAction":[{"@type":"SearchAction","target":{"@type":"EntryPoint","urlTemplate":"https:\/\/reign-lab.com\/de\/?s={search_term_string}"},"query-input":{"@type":"PropertyValueSpecification","valueRequired":true,"valueName":"search_term_string"}}],"inLanguage":"de"},{"@type":"Organization","@id":"https:\/\/reign-lab.com\/de\/#organization","name":"Reign Lab","url":"https:\/\/reign-lab.com\/de\/","logo":{"@type":"ImageObject","inLanguage":"de","@id":"https:\/\/reign-lab.com\/de\/#\/schema\/logo\/image\/","url":"https:\/\/reign-lab.com\/wp-content\/uploads\/2023\/03\/reign-lab-logo.png","contentUrl":"https:\/\/reign-lab.com\/wp-content\/uploads\/2023\/03\/reign-lab-logo.png","width":250,"height":194,"caption":"Reign Lab"},"image":{"@id":"https:\/\/reign-lab.com\/de\/#\/schema\/logo\/image\/"},"sameAs":["https:\/\/www.facebook.com\/reignlabfineart\/","https:\/\/www.instagram.com\/reign_lab\/"]}]}},"_links":{"self":[{"href":"https:\/\/reign-lab.com\/de\/wp-json\/wp\/v2\/product\/5214","targetHints":{"allow":["GET"]}}],"collection":[{"href":"https:\/\/reign-lab.com\/de\/wp-json\/wp\/v2\/product"}],"about":[{"href":"https:\/\/reign-lab.com\/de\/wp-json\/wp\/v2\/types\/product"}],"wp:featuredmedia":[{"embeddable":true,"href":"https:\/\/reign-lab.com\/de\/wp-json\/wp\/v2\/media\/1593"}],"wp:attachment":[{"href":"https:\/\/reign-lab.com\/de\/wp-json\/wp\/v2\/media?parent=5214"}],"wp:term":[{"taxonomy":"product_brand","embeddable":true,"href":"https:\/\/reign-lab.com\/de\/wp-json\/wp\/v2\/product_brand?post=5214"},{"taxonomy":"product_cat","embeddable":true,"href":"https:\/\/reign-lab.com\/de\/wp-json\/wp\/v2\/product_cat?post=5214"},{"taxonomy":"product_tag","embeddable":true,"href":"https:\/\/reign-lab.com\/de\/wp-json\/wp\/v2\/product_tag?post=5214"}],"curies":[{"name":"wp","href":"https:\/\/api.w.org\/{rel}","templated":true}]}}